{"id":533,"date":"2022-03-07T11:03:14","date_gmt":"2022-03-07T10:03:14","guid":{"rendered":"https:\/\/new.apadahcas.org\/?page_id=533"},"modified":"2022-03-07T12:24:59","modified_gmt":"2022-03-07T11:24:59","slug":"sanidad","status":"publish","type":"page","link":"https:\/\/www.apadahcas.org\/index.php\/sanidad\/","title":{"rendered":"Sanidad"},"content":{"rendered":"<style>.wp-show-posts-columns#wpsp-559 {margin-left: -2em; }.wp-show-posts-columns#wpsp-559 .wp-show-posts-inner {margin: 0 0 2em 2em; }<\/style><section id=\"wpsp-559\" class=\" wp-show-posts-columns wp-show-posts\" style=\"\"><article class=\" wp-show-posts-single post-1735 post type-post status-publish format-standard has-post-thumbnail hentry category-actividades category-apadahcas category-eventos category-noticias category-otras-actividades category-sanidad wpsp-col-6\" itemtype=\"http:\/\/schema.org\/CreativeWork\" itemscope><div class=\"wp-show-posts-inner\" style=\"\">\t\t\t\t\t\t<header class=\"wp-show-posts-entry-header\">\n\t\t\t\t\t\t\t<h2 class=\"wp-show-posts-entry-title\" itemprop=\"headline\"><a href=\"https:\/\/www.apadahcas.org\/index.php\/2025\/11\/24\/asi-vivimos-la-jornada-de-los-derechos-de-la-infancia-y-adolescencia-2025\/\" rel=\"bookmark\">As\u00ed vivimos la Jornada de los Derechos de la Infancia y Adolescencia 2025<\/a><\/h2><div class=\"wp-show-posts-entry-meta wp-show-posts-entry-meta-below-title post-meta-inline\"><span class=\"wp-show-posts-posted-on wp-show-posts-meta\">\n\t\t\t\t\t<a href=\"https:\/\/www.apadahcas.org\/index.php\/2025\/11\/24\/asi-vivimos-la-jornada-de-los-derechos-de-la-infancia-y-adolescencia-2025\/\" title=\"2:10 pm\" rel=\"bookmark\"><time class=\"wp-show-posts-entry-date published\" datetime=\"2025-11-24T14:10:30+01:00\" itemprop=\"datePublished\">24\/11\/2025<\/time><\/a>\n\t\t\t\t<\/span><\/div>\t\t\t\t\t\t<\/header><!-- .entry-header -->\n\t\t\t\t\t\t\t<div class=\"wp-show-posts-image  wpsp-image-center \">\n\t\t\t<a href=\"https:\/\/www.apadahcas.org\/index.php\/2025\/11\/24\/asi-vivimos-la-jornada-de-los-derechos-de-la-infancia-y-adolescencia-2025\/\"  title=\"As\u00ed vivimos la Jornada de los Derechos de la Infancia y Adolescencia 2025\"><img loading=\"lazy\" decoding=\"async\" width=\"1080\" height=\"1350\" src=\"https:\/\/www.apadahcas.org\/wp-content\/uploads\/2025\/11\/12.png\" class=\"attachment-full size-full wp-post-image\" alt=\"\" itemprop=\"image\" srcset=\"https:\/\/www.apadahcas.org\/wp-content\/uploads\/2025\/11\/12.png 1080w, https:\/\/www.apadahcas.org\/wp-content\/uploads\/2025\/11\/12-240x300.png 240w, https:\/\/www.apadahcas.org\/wp-content\/uploads\/2025\/11\/12-819x1024.png 819w, https:\/\/www.apadahcas.org\/wp-content\/uploads\/2025\/11\/12-768x960.png 768w\" sizes=\"auto, (max-width: 1080px) 100vw, 1080px\" \/><\/a>\t\t<\/div>\n\t\t\t\t\t\t\t\t<div class=\"wp-show-posts-entry-summary\" itemprop=\"text\">\n\t\t\t\t\t\t\t<p>El pasado s\u00e1bado participamos en la Jornada de los Derechos de la Infancia y Adolescencia, celebrada en el Parque Ribalta (Castell\u00f3). Fue una ma\u00f1ana repleta de actividades, actuaciones y espacios&#8230;<\/p>\n\t\t\t\t\t\t<\/div><!-- .entry-summary -->\n\t\t\t\t\t<div class=\"wpsp-read-more\"><a title=\"As\u00ed vivimos la Jornada de los Derechos de la Infancia y Adolescencia 2025\" class=\"wp-show-posts-read-more\" href=\"https:\/\/www.apadahcas.org\/index.php\/2025\/11\/24\/asi-vivimos-la-jornada-de-los-derechos-de-la-infancia-y-adolescencia-2025\/\">Leer m\u00e1s<\/a><\/div><\/div><!-- wp-show-posts-inner --><\/article><article class=\" wp-show-posts-single post-1724 post type-post status-publish format-standard has-post-thumbnail hentry category-actividades category-apadahcas category-asociacion category-eventos category-jornadas category-noticias category-otras-actividades category-sanidad wpsp-col-6\" itemtype=\"http:\/\/schema.org\/CreativeWork\" itemscope><div class=\"wp-show-posts-inner\" style=\"\">\t\t\t\t\t\t<header class=\"wp-show-posts-entry-header\">\n\t\t\t\t\t\t\t<h2 class=\"wp-show-posts-entry-title\" itemprop=\"headline\"><a href=\"https:\/\/www.apadahcas.org\/index.php\/2025\/11\/17\/participacion-en-la-jornada-de-los-derechos-de-la-infancia-y-adolescencia-2025\/\" rel=\"bookmark\">Participaci\u00f3n en la Jornada de los Derechos de la Infancia y Adolescencia 2025<\/a><\/h2><div class=\"wp-show-posts-entry-meta wp-show-posts-entry-meta-below-title post-meta-inline\"><span class=\"wp-show-posts-posted-on wp-show-posts-meta\">\n\t\t\t\t\t<a href=\"https:\/\/www.apadahcas.org\/index.php\/2025\/11\/17\/participacion-en-la-jornada-de-los-derechos-de-la-infancia-y-adolescencia-2025\/\" title=\"7:54 pm\" rel=\"bookmark\"><time class=\"wp-show-posts-entry-date published\" datetime=\"2025-11-17T19:54:52+01:00\" itemprop=\"datePublished\">17\/11\/2025<\/time><\/a>\n\t\t\t\t<\/span><\/div>\t\t\t\t\t\t<\/header><!-- .entry-header -->\n\t\t\t\t\t\t\t<div class=\"wp-show-posts-image  wpsp-image-center \">\n\t\t\t<a href=\"https:\/\/www.apadahcas.org\/index.php\/2025\/11\/17\/participacion-en-la-jornada-de-los-derechos-de-la-infancia-y-adolescencia-2025\/\"  title=\"Participaci\u00f3n en la Jornada de los Derechos de la Infancia y Adolescencia 2025\"><img loading=\"lazy\" decoding=\"async\" width=\"1080\" height=\"1350\" src=\"https:\/\/www.apadahcas.org\/wp-content\/uploads\/2025\/11\/APADAHCAS-FORMATO-POST-BASICO.png\" class=\"attachment-full size-full wp-post-image\" alt=\"\" itemprop=\"image\" srcset=\"https:\/\/www.apadahcas.org\/wp-content\/uploads\/2025\/11\/APADAHCAS-FORMATO-POST-BASICO.png 1080w, https:\/\/www.apadahcas.org\/wp-content\/uploads\/2025\/11\/APADAHCAS-FORMATO-POST-BASICO-240x300.png 240w, https:\/\/www.apadahcas.org\/wp-content\/uploads\/2025\/11\/APADAHCAS-FORMATO-POST-BASICO-819x1024.png 819w, https:\/\/www.apadahcas.org\/wp-content\/uploads\/2025\/11\/APADAHCAS-FORMATO-POST-BASICO-768x960.png 768w\" sizes=\"auto, (max-width: 1080px) 100vw, 1080px\" \/><\/a>\t\t<\/div>\n\t\t\t\t\t\t\t\t<div class=\"wp-show-posts-entry-summary\" itemprop=\"text\">\n\t\t\t\t\t\t\t<p>APADAHCAS participar\u00e1 en la Jornada de los Derechos de la Infancia y Adolescencia 2025 El pr\u00f3ximo s\u00e1bado 22 de noviembre, APADAHCAS participar\u00e1 en la Jornada Conmemorativa de los Derechos de&#8230;<\/p>\n\t\t\t\t\t\t<\/div><!-- .entry-summary -->\n\t\t\t\t\t<div class=\"wpsp-read-more\"><a title=\"Participaci\u00f3n en la Jornada de los Derechos de la Infancia y Adolescencia 2025\" class=\"wp-show-posts-read-more\" href=\"https:\/\/www.apadahcas.org\/index.php\/2025\/11\/17\/participacion-en-la-jornada-de-los-derechos-de-la-infancia-y-adolescencia-2025\/\">Leer m\u00e1s<\/a><\/div><\/div><!-- wp-show-posts-inner --><\/article><article class=\" wp-show-posts-single post-1696 post type-post status-publish format-standard hentry category-apadahcas category-asociacion category-sanidad wpsp-col-6\" itemtype=\"http:\/\/schema.org\/CreativeWork\" itemscope><div class=\"wp-show-posts-inner\" style=\"\">\t\t\t\t\t\t<header class=\"wp-show-posts-entry-header\">\n\t\t\t\t\t\t\t<h2 class=\"wp-show-posts-entry-title\" itemprop=\"headline\"><a href=\"https:\/\/www.apadahcas.org\/index.php\/2025\/10\/27\/27-de-octubre-dia-nacional-del-tdah\/\" rel=\"bookmark\">27 de Octubre &#8211; D\u00eda Nacional del TDAH<\/a><\/h2><div class=\"wp-show-posts-entry-meta wp-show-posts-entry-meta-below-title post-meta-inline\"><span class=\"wp-show-posts-posted-on wp-show-posts-meta\">\n\t\t\t\t\t<a href=\"https:\/\/www.apadahcas.org\/index.php\/2025\/10\/27\/27-de-octubre-dia-nacional-del-tdah\/\" title=\"12:58 pm\" rel=\"bookmark\"><time class=\"wp-show-posts-entry-date published\" datetime=\"2025-10-27T12:58:52+01:00\" itemprop=\"datePublished\">27\/10\/2025<\/time><\/a>\n\t\t\t\t<\/span><\/div>\t\t\t\t\t\t<\/header><!-- .entry-header -->\n\t\t\t\t\t\t\t\t\t\t\t<div class=\"wp-show-posts-entry-summary\" itemprop=\"text\">\n\t\t\t\t\t\t\t<p>27 de Octubre &#8211; D\u00eda Nacional del TDAH Este a\u00f1o volvemos a unirnos bajo un mismo grito: #TDAHsinatencionsanitaria Porque despu\u00e9s de un a\u00f1o seguimos IGUAL: sin respuestas, sin atenci\u00f3n, sin&#8230;<\/p>\n\t\t\t\t\t\t<\/div><!-- .entry-summary -->\n\t\t\t\t\t<div class=\"wpsp-read-more\"><a title=\"27 de Octubre &#8211; D\u00eda Nacional del TDAH\" class=\"wp-show-posts-read-more\" href=\"https:\/\/www.apadahcas.org\/index.php\/2025\/10\/27\/27-de-octubre-dia-nacional-del-tdah\/\">Leer m\u00e1s<\/a><\/div><\/div><!-- wp-show-posts-inner --><\/article><article class=\" wp-show-posts-single post-1690 post type-post status-publish format-standard hentry category-actividades category-apadahcas category-asociacion category-educacion category-eventos category-formacion category-jornadas category-noticias category-sanidad wpsp-col-6\" itemtype=\"http:\/\/schema.org\/CreativeWork\" itemscope><div class=\"wp-show-posts-inner\" style=\"\">\t\t\t\t\t\t<header class=\"wp-show-posts-entry-header\">\n\t\t\t\t\t\t\t<h2 class=\"wp-show-posts-entry-title\" itemprop=\"headline\"><a href=\"https:\/\/www.apadahcas.org\/index.php\/2025\/10\/21\/la-comunidad-valenciana-avanza-en-la-atencion-al-tdah-un-nuevo-programa-sanitario-mas-recursos-educativos-y-un-protocolo-autonomico-en-desarrollo\/\" rel=\"bookmark\">La Comunidad Valenciana avanza en la atenci\u00f3n al TDAH: un nuevo programa sanitario, m\u00e1s recursos educativos y un protocolo auton\u00f3mico en desarrollo<\/a><\/h2><div class=\"wp-show-posts-entry-meta wp-show-posts-entry-meta-below-title post-meta-inline\"><span class=\"wp-show-posts-posted-on wp-show-posts-meta\">\n\t\t\t\t\t<a href=\"https:\/\/www.apadahcas.org\/index.php\/2025\/10\/21\/la-comunidad-valenciana-avanza-en-la-atencion-al-tdah-un-nuevo-programa-sanitario-mas-recursos-educativos-y-un-protocolo-autonomico-en-desarrollo\/\" title=\"7:58 pm\" rel=\"bookmark\"><time class=\"wp-show-posts-entry-date published\" datetime=\"2025-10-21T19:58:59+02:00\" itemprop=\"datePublished\">21\/10\/2025<\/time><\/a>\n\t\t\t\t<\/span><\/div>\t\t\t\t\t\t<\/header><!-- .entry-header -->\n\t\t\t\t\t\t\t\t\t\t\t<div class=\"wp-show-posts-entry-summary\" itemprop=\"text\">\n\t\t\t\t\t\t\t<p>En la Comunidad Valenciana se est\u00e1n dando pasos muy importantes para mejorar la atenci\u00f3n al TDAH (Trastorno por D\u00e9ficit de Atenci\u00f3n con\/sin Hiperactividad). La comunidad se sit\u00faa como ejemplo de&#8230;<\/p>\n\t\t\t\t\t\t<\/div><!-- .entry-summary -->\n\t\t\t\t\t<div class=\"wpsp-read-more\"><a title=\"La Comunidad Valenciana avanza en la atenci\u00f3n al TDAH: un nuevo programa sanitario, m\u00e1s recursos educativos y un protocolo auton\u00f3mico en desarrollo\" class=\"wp-show-posts-read-more\" href=\"https:\/\/www.apadahcas.org\/index.php\/2025\/10\/21\/la-comunidad-valenciana-avanza-en-la-atencion-al-tdah-un-nuevo-programa-sanitario-mas-recursos-educativos-y-un-protocolo-autonomico-en-desarrollo\/\">Leer m\u00e1s<\/a><\/div><\/div><!-- wp-show-posts-inner --><\/article><article class=\" wp-show-posts-single post-1688 post type-post status-publish format-standard hentry category-apadahcas category-asociacion category-educacion category-eventos category-jornadas category-noticias category-sanidad wpsp-col-6\" itemtype=\"http:\/\/schema.org\/CreativeWork\" itemscope><div class=\"wp-show-posts-inner\" style=\"\">\t\t\t\t\t\t<header class=\"wp-show-posts-entry-header\">\n\t\t\t\t\t\t\t<h2 class=\"wp-show-posts-entry-title\" itemprop=\"headline\"><a href=\"https:\/\/www.apadahcas.org\/index.php\/2025\/10\/16\/el-nuevo-protocolo-entre-sanidad-y-educacion-beneficiara-a-12-600-menores-con-tdah-todo-lo-que-debes-saber\/\" rel=\"bookmark\">El nuevo protocolo entre Sanidad y Educaci\u00f3n beneficiar\u00e1 a 12.600 menores con TDAH: todo lo que debes saber<\/a><\/h2><div class=\"wp-show-posts-entry-meta wp-show-posts-entry-meta-below-title post-meta-inline\"><span class=\"wp-show-posts-posted-on wp-show-posts-meta\">\n\t\t\t\t\t<a href=\"https:\/\/www.apadahcas.org\/index.php\/2025\/10\/16\/el-nuevo-protocolo-entre-sanidad-y-educacion-beneficiara-a-12-600-menores-con-tdah-todo-lo-que-debes-saber\/\" title=\"5:59 pm\" rel=\"bookmark\"><time class=\"wp-show-posts-entry-date published\" datetime=\"2025-10-16T17:59:06+02:00\" itemprop=\"datePublished\">16\/10\/2025<\/time><\/a>\n\t\t\t\t<\/span><\/div>\t\t\t\t\t\t<\/header><!-- .entry-header -->\n\t\t\t\t\t\t\t\t\t\t\t<div class=\"wp-show-posts-entry-summary\" itemprop=\"text\">\n\t\t\t\t\t\t\t<p>Hace poco se ha dado a conocer un ambicioso protocolo conjunto entre las consejer\u00edas de Sanidad y Educaci\u00f3n que, cuando se implemente, beneficiar\u00e1 directamente a m\u00e1s de 12.600 ni\u00f1os y&#8230;<\/p>\n\t\t\t\t\t\t<\/div><!-- .entry-summary -->\n\t\t\t\t\t<div class=\"wpsp-read-more\"><a title=\"El nuevo protocolo entre Sanidad y Educaci\u00f3n beneficiar\u00e1 a 12.600 menores con TDAH: todo lo que debes saber\" class=\"wp-show-posts-read-more\" href=\"https:\/\/www.apadahcas.org\/index.php\/2025\/10\/16\/el-nuevo-protocolo-entre-sanidad-y-educacion-beneficiara-a-12-600-menores-con-tdah-todo-lo-que-debes-saber\/\">Leer m\u00e1s<\/a><\/div><\/div><!-- wp-show-posts-inner --><\/article><article class=\" wp-show-posts-single post-1662 post type-post status-publish format-standard hentry category-apadahcas category-asociacion category-noticias category-sanidad wpsp-col-6\" itemtype=\"http:\/\/schema.org\/CreativeWork\" itemscope><div class=\"wp-show-posts-inner\" style=\"\">\t\t\t\t\t\t<header class=\"wp-show-posts-entry-header\">\n\t\t\t\t\t\t\t<h2 class=\"wp-show-posts-entry-title\" itemprop=\"headline\"><a href=\"https:\/\/www.apadahcas.org\/index.php\/2025\/09\/10\/apadahcas-recibe-una-subvencion-de-7-380-e-de-la-conselleria-de-sanitat\/\" rel=\"bookmark\">APADAHCAS recibe una subvenci\u00f3n de 7.380 \u20ac de la Conselleria de Sanitat<\/a><\/h2><div class=\"wp-show-posts-entry-meta wp-show-posts-entry-meta-below-title post-meta-inline\"><span class=\"wp-show-posts-posted-on wp-show-posts-meta\">\n\t\t\t\t\t<a href=\"https:\/\/www.apadahcas.org\/index.php\/2025\/09\/10\/apadahcas-recibe-una-subvencion-de-7-380-e-de-la-conselleria-de-sanitat\/\" title=\"11:18 am\" rel=\"bookmark\"><time class=\"wp-show-posts-entry-date published\" datetime=\"2025-09-10T11:18:33+02:00\" itemprop=\"datePublished\">10\/09\/2025<\/time><\/a>\n\t\t\t\t<\/span><\/div>\t\t\t\t\t\t<\/header><!-- .entry-header -->\n\t\t\t\t\t\t\t\t\t\t\t<div class=\"wp-show-posts-entry-summary\" itemprop=\"text\">\n\t\t\t\t\t\t\t<p>Desde APADAHCAS queremos compartir con todas las familias, profesionales y personas que forman parte de nuestra comunidad una gran noticia: hemos recibido una aportaci\u00f3n de 7.380 \u20ac gracias a la&#8230;<\/p>\n\t\t\t\t\t\t<\/div><!-- .entry-summary -->\n\t\t\t\t\t<div class=\"wpsp-read-more\"><a title=\"APADAHCAS recibe una subvenci\u00f3n de 7.380 \u20ac de la Conselleria de Sanitat\" class=\"wp-show-posts-read-more\" href=\"https:\/\/www.apadahcas.org\/index.php\/2025\/09\/10\/apadahcas-recibe-una-subvencion-de-7-380-e-de-la-conselleria-de-sanitat\/\">Leer m\u00e1s<\/a><\/div><\/div><!-- wp-show-posts-inner --><\/article><article class=\" wp-show-posts-single post-1639 post type-post status-publish format-standard hentry category-apadahcas category-noticias category-sanidad category-uncategorized wpsp-col-6\" itemtype=\"http:\/\/schema.org\/CreativeWork\" itemscope><div class=\"wp-show-posts-inner\" style=\"\">\t\t\t\t\t\t<header class=\"wp-show-posts-entry-header\">\n\t\t\t\t\t\t\t<h2 class=\"wp-show-posts-entry-title\" itemprop=\"headline\"><a href=\"https:\/\/www.apadahcas.org\/index.php\/2025\/07\/15\/apadahcas-recibe-una-subvencion-de-1-31178e-del-ajuntament-de-castello\/\" rel=\"bookmark\">Apadahcas recibe una subvenci\u00f3n de 1.311,78\u20ac del Ajuntament de Castell\u00f3<\/a><\/h2><div class=\"wp-show-posts-entry-meta wp-show-posts-entry-meta-below-title post-meta-inline\"><span class=\"wp-show-posts-posted-on wp-show-posts-meta\">\n\t\t\t\t\t<a href=\"https:\/\/www.apadahcas.org\/index.php\/2025\/07\/15\/apadahcas-recibe-una-subvencion-de-1-31178e-del-ajuntament-de-castello\/\" title=\"10:13 pm\" rel=\"bookmark\"><time class=\"wp-show-posts-entry-date published\" datetime=\"2025-07-15T22:13:19+02:00\" itemprop=\"datePublished\">15\/07\/2025<\/time><time class=\"wp-show-posts-updated\" datetime=\"2025-07-15T22:14:16+02:00\" itemprop=\"dateModified\">15\/07\/2025<\/time><\/a>\n\t\t\t\t<\/span><\/div>\t\t\t\t\t\t<\/header><!-- .entry-header -->\n\t\t\t\t\t\t\t\t\t\t\t<div class=\"wp-show-posts-entry-summary\" itemprop=\"text\">\n\t\t\t\t\t\t\t<p>Nos complace anunciar que Apadahcas ha sido beneficiaria de una subvenci\u00f3n de 1.311,78\u20ac concedida por la Concejal\u00eda de Sanidad del Ajuntament de Castell\u00f3. Esta ayuda econ\u00f3mica forma parte de la&#8230;<\/p>\n\t\t\t\t\t\t<\/div><!-- .entry-summary -->\n\t\t\t\t\t<div class=\"wpsp-read-more\"><a title=\"Apadahcas recibe una subvenci\u00f3n de 1.311,78\u20ac del Ajuntament de Castell\u00f3\" class=\"wp-show-posts-read-more\" href=\"https:\/\/www.apadahcas.org\/index.php\/2025\/07\/15\/apadahcas-recibe-una-subvencion-de-1-31178e-del-ajuntament-de-castello\/\">Leer m\u00e1s<\/a><\/div><\/div><!-- wp-show-posts-inner --><\/article><article class=\" wp-show-posts-single post-1594 post type-post status-publish format-standard hentry category-noticias category-sanidad wpsp-col-6\" itemtype=\"http:\/\/schema.org\/CreativeWork\" itemscope><div class=\"wp-show-posts-inner\" style=\"\">\t\t\t\t\t\t<header class=\"wp-show-posts-entry-header\">\n\t\t\t\t\t\t\t<h2 class=\"wp-show-posts-entry-title\" itemprop=\"headline\"><a href=\"https:\/\/www.apadahcas.org\/index.php\/2025\/04\/22\/la-comunidad-valenciana-presenta-el-proyecto-del-plan-de-atencion-integral-al-tdah\/\" rel=\"bookmark\">La Comunidad Valenciana presenta el proyecto del Plan de Atenci\u00f3n Integral al TDAH<\/a><\/h2><div class=\"wp-show-posts-entry-meta wp-show-posts-entry-meta-below-title post-meta-inline\"><span class=\"wp-show-posts-posted-on wp-show-posts-meta\">\n\t\t\t\t\t<a href=\"https:\/\/www.apadahcas.org\/index.php\/2025\/04\/22\/la-comunidad-valenciana-presenta-el-proyecto-del-plan-de-atencion-integral-al-tdah\/\" title=\"10:29 am\" rel=\"bookmark\"><time class=\"wp-show-posts-entry-date published\" datetime=\"2025-04-22T10:29:01+02:00\" itemprop=\"datePublished\">22\/04\/2025<\/time><time class=\"wp-show-posts-updated\" datetime=\"2025-04-22T10:31:48+02:00\" itemprop=\"dateModified\">22\/04\/2025<\/time><\/a>\n\t\t\t\t<\/span><\/div>\t\t\t\t\t\t<\/header><!-- .entry-header -->\n\t\t\t\t\t\t\t\t\t\t\t<div class=\"wp-show-posts-entry-summary\" itemprop=\"text\">\n\t\t\t\t\t\t\t<p>https:\/\/gacetamedica.com\/politica\/comunidad-valenciana-plan-tdah\/<\/p>\n\t\t\t\t\t\t<\/div><!-- .entry-summary -->\n\t\t\t\t\t<div class=\"wpsp-read-more\"><a title=\"La Comunidad Valenciana presenta el proyecto del Plan de Atenci\u00f3n Integral al TDAH\" class=\"wp-show-posts-read-more\" href=\"https:\/\/www.apadahcas.org\/index.php\/2025\/04\/22\/la-comunidad-valenciana-presenta-el-proyecto-del-plan-de-atencion-integral-al-tdah\/\">Leer m\u00e1s<\/a><\/div><\/div><!-- wp-show-posts-inner --><\/article><article class=\" wp-show-posts-single post-1538 post type-post status-publish format-standard hentry category-apadahcas category-educacion category-noticias category-sanidad wpsp-col-6\" itemtype=\"http:\/\/schema.org\/CreativeWork\" itemscope><div class=\"wp-show-posts-inner\" style=\"\">\t\t\t\t\t\t<header class=\"wp-show-posts-entry-header\">\n\t\t\t\t\t\t\t<h2 class=\"wp-show-posts-entry-title\" itemprop=\"headline\"><a href=\"https:\/\/www.apadahcas.org\/index.php\/2025\/02\/27\/nuevo-plan-de-atencion-integral-al-tdah-en-la-comunidad-valenciana\/\" rel=\"bookmark\">Nuevo Plan de Atenci\u00f3n Integral al TDAH en la Comunidad Valenciana<\/a><\/h2><div class=\"wp-show-posts-entry-meta wp-show-posts-entry-meta-below-title post-meta-inline\"><span class=\"wp-show-posts-posted-on wp-show-posts-meta\">\n\t\t\t\t\t<a href=\"https:\/\/www.apadahcas.org\/index.php\/2025\/02\/27\/nuevo-plan-de-atencion-integral-al-tdah-en-la-comunidad-valenciana\/\" title=\"12:59 pm\" rel=\"bookmark\"><time class=\"wp-show-posts-entry-date published\" datetime=\"2025-02-27T12:59:51+01:00\" itemprop=\"datePublished\">27\/02\/2025<\/time><time class=\"wp-show-posts-updated\" datetime=\"2025-02-27T19:34:40+01:00\" itemprop=\"dateModified\">27\/02\/2025<\/time><\/a>\n\t\t\t\t<\/span><\/div>\t\t\t\t\t\t<\/header><!-- .entry-header -->\n\t\t\t\t\t\t\t\t\t\t\t<div class=\"wp-show-posts-entry-summary\" itemprop=\"text\">\n\t\t\t\t\t\t\t<p>La Conselleria de Sanidad ha presentado un plan pionero para mejorar la atenci\u00f3n a ni\u00f1os, adolescentes y adultos con Trastorno por D\u00e9ficit de Atenci\u00f3n e Hiperactividad (TDAH). Con m\u00e1s de&#8230;<\/p>\n\t\t\t\t\t\t<\/div><!-- .entry-summary -->\n\t\t\t\t\t<div class=\"wpsp-read-more\"><a title=\"Nuevo Plan de Atenci\u00f3n Integral al TDAH en la Comunidad Valenciana\" class=\"wp-show-posts-read-more\" href=\"https:\/\/www.apadahcas.org\/index.php\/2025\/02\/27\/nuevo-plan-de-atencion-integral-al-tdah-en-la-comunidad-valenciana\/\">Leer m\u00e1s<\/a><\/div><\/div><!-- wp-show-posts-inner --><\/article><article class=\" wp-show-posts-single post-1502 post type-post status-publish format-standard has-post-thumbnail hentry category-actividades category-eventos category-noticias category-otras-actividades category-sanidad wpsp-col-6\" itemtype=\"http:\/\/schema.org\/CreativeWork\" itemscope><div class=\"wp-show-posts-inner\" style=\"\">\t\t\t\t\t\t<header class=\"wp-show-posts-entry-header\">\n\t\t\t\t\t\t\t<h2 class=\"wp-show-posts-entry-title\" itemprop=\"headline\"><a href=\"https:\/\/www.apadahcas.org\/index.php\/2024\/11\/16\/promoviendo-los-derechos-de-la-infancia-una-manana-en-el-parque-ribalta\/\" rel=\"bookmark\">Promoviendo los Derechos de la Infancia: Una Ma\u00f1ana en el Parque Ribalta<\/a><\/h2><div class=\"wp-show-posts-entry-meta wp-show-posts-entry-meta-below-title post-meta-inline\"><span class=\"wp-show-posts-posted-on wp-show-posts-meta\">\n\t\t\t\t\t<a href=\"https:\/\/www.apadahcas.org\/index.php\/2024\/11\/16\/promoviendo-los-derechos-de-la-infancia-una-manana-en-el-parque-ribalta\/\" title=\"2:21 pm\" rel=\"bookmark\"><time class=\"wp-show-posts-entry-date published\" datetime=\"2024-11-16T14:21:46+01:00\" itemprop=\"datePublished\">16\/11\/2024<\/time><\/a>\n\t\t\t\t<\/span><\/div>\t\t\t\t\t\t<\/header><!-- .entry-header -->\n\t\t\t\t\t\t\t<div class=\"wp-show-posts-image  wpsp-image-center \">\n\t\t\t<a href=\"https:\/\/www.apadahcas.org\/index.php\/2024\/11\/16\/promoviendo-los-derechos-de-la-infancia-una-manana-en-el-parque-ribalta\/\"  title=\"Promoviendo los Derechos de la Infancia: Una Ma\u00f1ana en el Parque Ribalta\"><img loading=\"lazy\" decoding=\"async\" width=\"1440\" height=\"808\" src=\"https:\/\/www.apadahcas.org\/wp-content\/uploads\/2024\/11\/IMG_20241116_140102.jpg\" class=\"attachment-full size-full wp-post-image\" alt=\"\" itemprop=\"image\" srcset=\"https:\/\/www.apadahcas.org\/wp-content\/uploads\/2024\/11\/IMG_20241116_140102.jpg 1440w, https:\/\/www.apadahcas.org\/wp-content\/uploads\/2024\/11\/IMG_20241116_140102-300x168.jpg 300w, https:\/\/www.apadahcas.org\/wp-content\/uploads\/2024\/11\/IMG_20241116_140102-1024x575.jpg 1024w, https:\/\/www.apadahcas.org\/wp-content\/uploads\/2024\/11\/IMG_20241116_140102-768x431.jpg 768w, https:\/\/www.apadahcas.org\/wp-content\/uploads\/2024\/11\/IMG_20241116_140102-500x281.jpg 500w\" sizes=\"auto, (max-width: 1440px) 100vw, 1440px\" \/><\/a>\t\t<\/div>\n\t\t\t\t\t\t\t\t<div class=\"wp-show-posts-entry-summary\" itemprop=\"text\">\n\t\t\t\t\t\t\t<p>Esta ma\u00f1ana, la asociaci\u00f3n Apadahcas ha estado presente en el Parque Ribalta de Castell\u00f3n, donde hemos llevado a cabo una jornada de concienciaci\u00f3n y promoci\u00f3n de los derechos de la&#8230;<\/p>\n\t\t\t\t\t\t<\/div><!-- .entry-summary -->\n\t\t\t\t\t<div class=\"wpsp-read-more\"><a title=\"Promoviendo los Derechos de la Infancia: Una Ma\u00f1ana en el Parque Ribalta\" class=\"wp-show-posts-read-more\" href=\"https:\/\/www.apadahcas.org\/index.php\/2024\/11\/16\/promoviendo-los-derechos-de-la-infancia-una-manana-en-el-parque-ribalta\/\">Leer m\u00e1s<\/a><\/div><\/div><!-- wp-show-posts-inner --><\/article><div class=\"wpsp-clear\"><\/div><\/section><!-- .wp-show-posts --><div class=\"wpsp-load-more\"><span aria-current=\"page\" class=\"page-numbers current\">1<\/span>\n<a class=\"page-numbers\" href=\"https:\/\/www.apadahcas.org\/index.php\/wp-json\/wp\/v2\/pages\/533\/page\/2\/\">2<\/a>\n<a class=\"next page-numbers\" href=\"https:\/\/www.apadahcas.org\/index.php\/wp-json\/wp\/v2\/pages\/533\/page\/2\/\">Siguiente &rarr;<\/a><\/div>\n","protected":false},"excerpt":{"rendered":"","protected":false},"author":2,"featured_media":0,"parent":0,"menu_order":0,"comment_status":"closed","ping_status":"closed","template":"sidebar-page.php","meta":{"footnotes":""},"class_list":["post-533","page","type-page","status-publish","hentry"],"jetpack_sharing_enabled":true,"_links":{"self":[{"href":"https:\/\/www.apadahcas.org\/index.php\/wp-json\/wp\/v2\/pages\/533","targetHints":{"allow":["GET"]}}],"collection":[{"href":"https:\/\/www.apadahcas.org\/index.php\/wp-json\/wp\/v2\/pages"}],"about":[{"href":"https:\/\/www.apadahcas.org\/index.php\/wp-json\/wp\/v2\/types\/page"}],"author":[{"embeddable":true,"href":"https:\/\/www.apadahcas.org\/index.php\/wp-json\/wp\/v2\/users\/2"}],"replies":[{"embeddable":true,"href":"https:\/\/www.apadahcas.org\/index.php\/wp-json\/wp\/v2\/comments?post=533"}],"version-history":[{"count":3,"href":"https:\/\/www.apadahcas.org\/index.php\/wp-json\/wp\/v2\/pages\/533\/revisions"}],"predecessor-version":[{"id":800,"href":"https:\/\/www.apadahcas.org\/index.php\/wp-json\/wp\/v2\/pages\/533\/revisions\/800"}],"wp:attachment":[{"href":"https:\/\/www.apadahcas.org\/index.php\/wp-json\/wp\/v2\/media?parent=533"}],"curies":[{"name":"wp","href":"https:\/\/api.w.org\/{rel}","templated":true}]}}