{"id":504,"date":"2022-03-07T10:36:06","date_gmt":"2022-03-07T09:36:06","guid":{"rendered":"https:\/\/new.apadahcas.org\/?page_id=504"},"modified":"2022-04-08T20:59:34","modified_gmt":"2022-04-08T18:59:34","slug":"talleres-2","status":"publish","type":"page","link":"https:\/\/www.apadahcas.org\/index.php\/talleres-2\/","title":{"rendered":"Talleres"},"content":{"rendered":"<style>.wp-show-posts-columns#wpsp-291 {margin-left: -2em; }.wp-show-posts-columns#wpsp-291 .wp-show-posts-inner {margin: 0 0 2em 2em; }<\/style><section id=\"wpsp-291\" class=\" wp-show-posts-columns wp-show-posts\" style=\"\"><article class=\" wp-show-posts-single post-1806 post type-post status-publish format-standard has-post-thumbnail hentry category-eventos category-talleres wpsp-col-6\" itemtype=\"http:\/\/schema.org\/CreativeWork\" itemscope><div class=\"wp-show-posts-inner\" style=\"\">\t\t\t\t\t\t<header class=\"wp-show-posts-entry-header\">\n\t\t\t\t\t\t\t<h2 class=\"wp-show-posts-entry-title\" itemprop=\"headline\"><a href=\"https:\/\/www.apadahcas.org\/index.php\/2026\/03\/02\/talleres-de-pascua-2026-inscripciones-abiertas\/\" rel=\"bookmark\">TALLERES DE PASCUA 2026 \u00a1Inscripciones abiertas!<\/a><\/h2><div class=\"wp-show-posts-entry-meta wp-show-posts-entry-meta-below-title post-meta-inline\"><span class=\"wp-show-posts-posted-on wp-show-posts-meta\">\n\t\t\t\t\t<a href=\"https:\/\/www.apadahcas.org\/index.php\/2026\/03\/02\/talleres-de-pascua-2026-inscripciones-abiertas\/\" title=\"9:14 am\" rel=\"bookmark\"><time class=\"wp-show-posts-entry-date published\" datetime=\"2026-03-02T09:14:44+01:00\" itemprop=\"datePublished\">02\/03\/2026<\/time><\/a>\n\t\t\t\t<\/span><\/div>\t\t\t\t\t\t<\/header><!-- .entry-header -->\n\t\t\t\t\t\t\t<div class=\"wp-show-posts-image  wpsp-image-center \">\n\t\t\t<a href=\"https:\/\/www.apadahcas.org\/index.php\/2026\/03\/02\/talleres-de-pascua-2026-inscripciones-abiertas\/\"  title=\"TALLERES DE PASCUA 2026 \u00a1Inscripciones abiertas!\"><img loading=\"lazy\" decoding=\"async\" width=\"1080\" height=\"1350\" src=\"https:\/\/www.apadahcas.org\/wp-content\/uploads\/2026\/03\/APADAHCAS-TALLERES-PASCUA-2026.png\" class=\"attachment-full size-full wp-post-image\" alt=\"\" itemprop=\"image\" srcset=\"https:\/\/www.apadahcas.org\/wp-content\/uploads\/2026\/03\/APADAHCAS-TALLERES-PASCUA-2026.png 1080w, https:\/\/www.apadahcas.org\/wp-content\/uploads\/2026\/03\/APADAHCAS-TALLERES-PASCUA-2026-240x300.png 240w, https:\/\/www.apadahcas.org\/wp-content\/uploads\/2026\/03\/APADAHCAS-TALLERES-PASCUA-2026-819x1024.png 819w, https:\/\/www.apadahcas.org\/wp-content\/uploads\/2026\/03\/APADAHCAS-TALLERES-PASCUA-2026-768x960.png 768w\" sizes=\"auto, (max-width: 1080px) 100vw, 1080px\" \/><\/a>\t\t<\/div>\n\t\t\t\t\t\t\t\t<div class=\"wp-show-posts-entry-summary\" itemprop=\"text\">\n\t\t\t\t\t\t\t<p>Estimadas familias, Desde APADAHCAS, os invitamos a participar en nuestros Talleres de Pascua, que se celebrar\u00e1n los d\u00edas 7, 8, 9 y 10 de abril. Hemos preparado una programaci\u00f3n especial&#8230;<\/p>\n\t\t\t\t\t\t<\/div><!-- .entry-summary -->\n\t\t\t\t\t<div class=\"wpsp-read-more\"><a title=\"TALLERES DE PASCUA 2026 \u00a1Inscripciones abiertas!\" class=\"wp-show-posts-read-more\" href=\"https:\/\/www.apadahcas.org\/index.php\/2026\/03\/02\/talleres-de-pascua-2026-inscripciones-abiertas\/\">Leer m\u00e1s<\/a><\/div><\/div><!-- wp-show-posts-inner --><\/article><article class=\" wp-show-posts-single post-1781 post type-post status-publish format-standard has-post-thumbnail hentry category-actividades category-noticias category-talleres wpsp-col-6\" itemtype=\"http:\/\/schema.org\/CreativeWork\" itemscope><div class=\"wp-show-posts-inner\" style=\"\">\t\t\t\t\t\t<header class=\"wp-show-posts-entry-header\">\n\t\t\t\t\t\t\t<h2 class=\"wp-show-posts-entry-title\" itemprop=\"headline\"><a href=\"https:\/\/www.apadahcas.org\/index.php\/2026\/01\/09\/taller-de-los-lios-4a-edicion-parte-2\/\" rel=\"bookmark\">Taller de los l\u00edos \u2013 4\u00aa edici\u00f3n (parte 2)<\/a><\/h2><div class=\"wp-show-posts-entry-meta wp-show-posts-entry-meta-below-title post-meta-inline\"><span class=\"wp-show-posts-posted-on wp-show-posts-meta\">\n\t\t\t\t\t<a href=\"https:\/\/www.apadahcas.org\/index.php\/2026\/01\/09\/taller-de-los-lios-4a-edicion-parte-2\/\" title=\"10:23 am\" rel=\"bookmark\"><time class=\"wp-show-posts-entry-date published\" datetime=\"2026-01-09T10:23:23+01:00\" itemprop=\"datePublished\">09\/01\/2026<\/time><\/a>\n\t\t\t\t<\/span><\/div>\t\t\t\t\t\t<\/header><!-- .entry-header -->\n\t\t\t\t\t\t\t<div class=\"wp-show-posts-image  wpsp-image-center \">\n\t\t\t<a href=\"https:\/\/www.apadahcas.org\/index.php\/2026\/01\/09\/taller-de-los-lios-4a-edicion-parte-2\/\"  title=\"Taller de los l\u00edos \u2013 4\u00aa edici\u00f3n (parte 2)\"><img loading=\"lazy\" decoding=\"async\" width=\"1080\" height=\"1350\" src=\"https:\/\/www.apadahcas.org\/wp-content\/uploads\/2025\/08\/CARTEL-EN-QUE-LIOS-25-26.png\" class=\"attachment-full size-full wp-post-image\" alt=\"\" itemprop=\"image\" srcset=\"https:\/\/www.apadahcas.org\/wp-content\/uploads\/2025\/08\/CARTEL-EN-QUE-LIOS-25-26.png 1080w, https:\/\/www.apadahcas.org\/wp-content\/uploads\/2025\/08\/CARTEL-EN-QUE-LIOS-25-26-240x300.png 240w, https:\/\/www.apadahcas.org\/wp-content\/uploads\/2025\/08\/CARTEL-EN-QUE-LIOS-25-26-819x1024.png 819w, https:\/\/www.apadahcas.org\/wp-content\/uploads\/2025\/08\/CARTEL-EN-QUE-LIOS-25-26-768x960.png 768w\" sizes=\"auto, (max-width: 1080px) 100vw, 1080px\" \/><\/a>\t\t<\/div>\n\t\t\t\t\t\t\t\t<div class=\"wp-show-posts-entry-summary\" itemprop=\"text\">\n\t\t\t\t\t\t\t<p>Grupos paralelos para adolescentes y padres\/madres\u00a0 Tras el \u00e9xito de las ediciones anteriores, vuelve el Taller de los l\u00edos, una propuesta formativa y vivencial dirigida a familias, adolescentes y personas&#8230;<\/p>\n\t\t\t\t\t\t<\/div><!-- .entry-summary -->\n\t\t\t\t\t<div class=\"wpsp-read-more\"><a title=\"Taller de los l\u00edos \u2013 4\u00aa edici\u00f3n (parte 2)\" class=\"wp-show-posts-read-more\" href=\"https:\/\/www.apadahcas.org\/index.php\/2026\/01\/09\/taller-de-los-lios-4a-edicion-parte-2\/\">Leer m\u00e1s<\/a><\/div><\/div><!-- wp-show-posts-inner --><\/article><article class=\" wp-show-posts-single post-1672 post type-post status-publish format-aside has-post-thumbnail hentry category-actividades category-apadahcas category-asociacion category-escuela-familia category-formacion category-otras-actividades category-talleres post_format-post-format-aside wpsp-col-6\" itemtype=\"http:\/\/schema.org\/CreativeWork\" itemscope><div class=\"wp-show-posts-inner\" style=\"\">\t\t\t\t\t\t<header class=\"wp-show-posts-entry-header\">\n\t\t\t\t\t\t\t<h2 class=\"wp-show-posts-entry-title\" itemprop=\"headline\"><a href=\"https:\/\/www.apadahcas.org\/index.php\/2025\/09\/18\/escuelas-de-familias-acompanando-el-camino-del-tdah\/\" rel=\"bookmark\">Escuelas de Familias: Acompa\u00f1ando el camino del TDAH<\/a><\/h2><div class=\"wp-show-posts-entry-meta wp-show-posts-entry-meta-below-title post-meta-inline\"><span class=\"wp-show-posts-posted-on wp-show-posts-meta\">\n\t\t\t\t\t<a href=\"https:\/\/www.apadahcas.org\/index.php\/2025\/09\/18\/escuelas-de-familias-acompanando-el-camino-del-tdah\/\" title=\"2:38 pm\" rel=\"bookmark\"><time class=\"wp-show-posts-entry-date published\" datetime=\"2025-09-18T14:38:26+02:00\" itemprop=\"datePublished\">18\/09\/2025<\/time><time class=\"wp-show-posts-updated\" datetime=\"2025-11-10T12:04:41+01:00\" itemprop=\"dateModified\">10\/11\/2025<\/time><\/a>\n\t\t\t\t<\/span><\/div>\t\t\t\t\t\t<\/header><!-- .entry-header -->\n\t\t\t\t\t\t\t<div class=\"wp-show-posts-image  wpsp-image-center \">\n\t\t\t<a href=\"https:\/\/www.apadahcas.org\/index.php\/2025\/09\/18\/escuelas-de-familias-acompanando-el-camino-del-tdah\/\"  title=\"Escuelas de Familias: Acompa\u00f1ando el camino del TDAH\"><img loading=\"lazy\" decoding=\"async\" width=\"1080\" height=\"1350\" src=\"https:\/\/www.apadahcas.org\/wp-content\/uploads\/2025\/09\/EF-VERSION-TITULOS.png\" class=\"attachment-full size-full wp-post-image\" alt=\"\" itemprop=\"image\" srcset=\"https:\/\/www.apadahcas.org\/wp-content\/uploads\/2025\/09\/EF-VERSION-TITULOS.png 1080w, https:\/\/www.apadahcas.org\/wp-content\/uploads\/2025\/09\/EF-VERSION-TITULOS-240x300.png 240w, https:\/\/www.apadahcas.org\/wp-content\/uploads\/2025\/09\/EF-VERSION-TITULOS-819x1024.png 819w, https:\/\/www.apadahcas.org\/wp-content\/uploads\/2025\/09\/EF-VERSION-TITULOS-768x960.png 768w\" sizes=\"auto, (max-width: 1080px) 100vw, 1080px\" \/><\/a>\t\t<\/div>\n\t\t\t\t\t\t\t\t<div class=\"wp-show-posts-entry-summary\" itemprop=\"text\">\n\t\t\t\t\t\t\t<p>Las \u201cEscuelas de Familias\u201d son un espacio pensado para madres, padres y familiares de ni\u00f1os, ni\u00f1as y j\u00f3venes con TDAH. Un lugar de encuentro donde compartir experiencias, resolver dudas y&#8230;<\/p>\n\t\t\t\t\t\t<\/div><!-- .entry-summary -->\n\t\t\t\t\t<div class=\"wpsp-read-more\"><a title=\"Escuelas de Familias: Acompa\u00f1ando el camino del TDAH\" class=\"wp-show-posts-read-more\" href=\"https:\/\/www.apadahcas.org\/index.php\/2025\/09\/18\/escuelas-de-familias-acompanando-el-camino-del-tdah\/\">Leer m\u00e1s<\/a><\/div><\/div><!-- wp-show-posts-inner --><\/article><article class=\" wp-show-posts-single post-1657 post type-post status-publish format-standard hentry category-actividades category-apadahcas category-asociacion category-educacion category-eventos category-formacion category-noticias category-otras-actividades category-talleres wpsp-col-6\" itemtype=\"http:\/\/schema.org\/CreativeWork\" itemscope><div class=\"wp-show-posts-inner\" style=\"\">\t\t\t\t\t\t<header class=\"wp-show-posts-entry-header\">\n\t\t\t\t\t\t\t<h2 class=\"wp-show-posts-entry-title\" itemprop=\"headline\"><a href=\"https:\/\/www.apadahcas.org\/index.php\/2025\/08\/18\/vuelve-en-que-lios\/\" rel=\"bookmark\">\ud83c\udf1f \u00a1Vuelve \u201cEn qu\u00e9 l\u00edos\u201d! \ud83c\udf1f<\/a><\/h2><div class=\"wp-show-posts-entry-meta wp-show-posts-entry-meta-below-title post-meta-inline\"><span class=\"wp-show-posts-posted-on wp-show-posts-meta\">\n\t\t\t\t\t<a href=\"https:\/\/www.apadahcas.org\/index.php\/2025\/08\/18\/vuelve-en-que-lios\/\" title=\"2:11 pm\" rel=\"bookmark\"><time class=\"wp-show-posts-entry-date published\" datetime=\"2025-08-18T14:11:10+02:00\" itemprop=\"datePublished\">18\/08\/2025<\/time><time class=\"wp-show-posts-updated\" datetime=\"2025-09-05T09:41:18+02:00\" itemprop=\"dateModified\">05\/09\/2025<\/time><\/a>\n\t\t\t\t<\/span><\/div>\t\t\t\t\t\t<\/header><!-- .entry-header -->\n\t\t\t\t\t\t\t\t\t\t\t<div class=\"wp-show-posts-entry-summary\" itemprop=\"text\">\n\t\t\t\t\t\t\t<p>\u201cEn qu\u00e9 l\u00edos\u201d: Taller para adolescentes y familias\u00a0 Con la llegada del final del verano, lanzamos la cuarta edici\u00f3n de nuestro taller \u201cEn qu\u00e9 l\u00edos\u201d, un espacio pensado para que&#8230;<\/p>\n\t\t\t\t\t\t<\/div><!-- .entry-summary -->\n\t\t\t\t\t<div class=\"wpsp-read-more\"><a title=\"\ud83c\udf1f \u00a1Vuelve \u201cEn qu\u00e9 l\u00edos\u201d! \ud83c\udf1f\" class=\"wp-show-posts-read-more\" href=\"https:\/\/www.apadahcas.org\/index.php\/2025\/08\/18\/vuelve-en-que-lios\/\">Leer m\u00e1s<\/a><\/div><\/div><!-- wp-show-posts-inner --><\/article><article class=\" wp-show-posts-single post-1623 post type-post status-publish format-standard hentry category-actividades category-apadahcas category-educacion category-eventos category-noticias category-talleres wpsp-col-6\" itemtype=\"http:\/\/schema.org\/CreativeWork\" itemscope><div class=\"wp-show-posts-inner\" style=\"\">\t\t\t\t\t\t<header class=\"wp-show-posts-entry-header\">\n\t\t\t\t\t\t\t<div class=\"wp-show-posts-entry-meta wp-show-posts-entry-meta-below-title post-meta-inline\"><span class=\"wp-show-posts-posted-on wp-show-posts-meta\">\n\t\t\t\t\t<a href=\"https:\/\/www.apadahcas.org\/index.php\/2025\/05\/29\/1623\/\" title=\"2:19 pm\" rel=\"bookmark\"><time class=\"wp-show-posts-entry-date published\" datetime=\"2025-05-29T14:19:38+02:00\" itemprop=\"datePublished\">29\/05\/2025<\/time><\/a>\n\t\t\t\t<\/span><\/div>\t\t\t\t\t\t<\/header><!-- .entry-header -->\n\t\t\t\t\t\t\t\t\t\t\t<div class=\"wp-show-posts-entry-summary\" itemprop=\"text\">\n\t\t\t\t\t\t\t<p>\u00a1Inscr\u00edbete al Taller Robotix de APADAHCAS! Desde APADAHCAS lanzamos una nueva propuesta para este verano: el Taller Robotix, una experiencia educativa divertida y tecnol\u00f3gica que tendr\u00e1 lugar los d\u00edas 23,&#8230;<\/p>\n\t\t\t\t\t\t<\/div><!-- .entry-summary -->\n\t\t\t\t\t<div class=\"wpsp-read-more\"><a title=\"\" class=\"wp-show-posts-read-more\" href=\"https:\/\/www.apadahcas.org\/index.php\/2025\/05\/29\/1623\/\">Leer m\u00e1s<\/a><\/div><\/div><!-- wp-show-posts-inner --><\/article><article class=\" wp-show-posts-single post-1579 post type-post status-publish format-standard hentry category-actividades category-apadahcas category-eventos category-talleres wpsp-col-6\" itemtype=\"http:\/\/schema.org\/CreativeWork\" itemscope><div class=\"wp-show-posts-inner\" style=\"\">\t\t\t\t\t\t<header class=\"wp-show-posts-entry-header\">\n\t\t\t\t\t\t\t<h2 class=\"wp-show-posts-entry-title\" itemprop=\"headline\"><a href=\"https:\/\/www.apadahcas.org\/index.php\/2025\/04\/05\/talleres-de-pascua-2025-abiertas-las-inscripciones\/\" rel=\"bookmark\">Talleres de Pascua 2025: \u00a1Abiertas las inscripciones!<\/a><\/h2><div class=\"wp-show-posts-entry-meta wp-show-posts-entry-meta-below-title post-meta-inline\"><span class=\"wp-show-posts-posted-on wp-show-posts-meta\">\n\t\t\t\t\t<a href=\"https:\/\/www.apadahcas.org\/index.php\/2025\/04\/05\/talleres-de-pascua-2025-abiertas-las-inscripciones\/\" title=\"12:53 pm\" rel=\"bookmark\"><time class=\"wp-show-posts-entry-date published\" datetime=\"2025-04-05T12:53:21+02:00\" itemprop=\"datePublished\">05\/04\/2025<\/time><\/a>\n\t\t\t\t<\/span><\/div>\t\t\t\t\t\t<\/header><!-- .entry-header -->\n\t\t\t\t\t\t\t\t\t\t\t<div class=\"wp-show-posts-entry-summary\" itemprop=\"text\">\n\t\t\t\t\t\t\t<p>Desde APADAHCAS te invitamos a participar en nuestros Talleres de Pascua, que se celebrar\u00e1n los d\u00edas 22, 23, 24 y 25 de abril en COCEMFE. Hemos preparado actividades especiales, diferenciadas&#8230;<\/p>\n\t\t\t\t\t\t<\/div><!-- .entry-summary -->\n\t\t\t\t\t<div class=\"wpsp-read-more\"><a title=\"Talleres de Pascua 2025: \u00a1Abiertas las inscripciones!\" class=\"wp-show-posts-read-more\" href=\"https:\/\/www.apadahcas.org\/index.php\/2025\/04\/05\/talleres-de-pascua-2025-abiertas-las-inscripciones\/\">Leer m\u00e1s<\/a><\/div><\/div><!-- wp-show-posts-inner --><\/article><article class=\" wp-show-posts-single post-1519 post type-post status-publish format-standard hentry category-actividades category-apadahcas category-asociacion category-eventos category-talleres wpsp-col-6\" itemtype=\"http:\/\/schema.org\/CreativeWork\" itemscope><div class=\"wp-show-posts-inner\" style=\"\">\t\t\t\t\t\t<header class=\"wp-show-posts-entry-header\">\n\t\t\t\t\t\t\t<h2 class=\"wp-show-posts-entry-title\" itemprop=\"headline\"><a href=\"https:\/\/www.apadahcas.org\/index.php\/2024\/12\/05\/convivencia-navidena-apadahcas-por-los-aires\/\" rel=\"bookmark\">CONVIVENCIA NAVIDE\u00d1A \u00abAPADAHCAS POR LOS AIRES\u00bb<\/a><\/h2><div class=\"wp-show-posts-entry-meta wp-show-posts-entry-meta-below-title post-meta-inline\"><span class=\"wp-show-posts-posted-on wp-show-posts-meta\">\n\t\t\t\t\t<a href=\"https:\/\/www.apadahcas.org\/index.php\/2024\/12\/05\/convivencia-navidena-apadahcas-por-los-aires\/\" title=\"8:08 pm\" rel=\"bookmark\"><time class=\"wp-show-posts-entry-date published\" datetime=\"2024-12-05T20:08:35+01:00\" itemprop=\"datePublished\">05\/12\/2024<\/time><\/a>\n\t\t\t\t<\/span><\/div>\t\t\t\t\t\t<\/header><!-- .entry-header -->\n\t\t\t\t\t\t\t\t\t\t\t<div class=\"wp-show-posts-entry-summary\" itemprop=\"text\">\n\t\t\t\t\t\t\t<p>Nos alegra anunciar nuestra\u00a0Convivencia Navide\u00f1a para familias TDAH, que se llevar\u00e1 a cabo el pr\u00f3ximo\u00a0s\u00e1bado 21 de diciembre. Una jornada especial para disfrutar en familia de\u00a0PortAventura, \u00a1una experiencia inolvidable para&#8230;<\/p>\n\t\t\t\t\t\t<\/div><!-- .entry-summary -->\n\t\t\t\t\t<div class=\"wpsp-read-more\"><a title=\"CONVIVENCIA NAVIDE\u00d1A \u00abAPADAHCAS POR LOS AIRES\u00bb\" class=\"wp-show-posts-read-more\" href=\"https:\/\/www.apadahcas.org\/index.php\/2024\/12\/05\/convivencia-navidena-apadahcas-por-los-aires\/\">Leer m\u00e1s<\/a><\/div><\/div><!-- wp-show-posts-inner --><\/article><article class=\" wp-show-posts-single post-1515 post type-post status-publish format-standard hentry category-actividades category-apadahcas category-eventos category-talleres wpsp-col-6\" itemtype=\"http:\/\/schema.org\/CreativeWork\" itemscope><div class=\"wp-show-posts-inner\" style=\"\">\t\t\t\t\t\t<header class=\"wp-show-posts-entry-header\">\n\t\t\t\t\t\t\t<h2 class=\"wp-show-posts-entry-title\" itemprop=\"headline\"><a href=\"https:\/\/www.apadahcas.org\/index.php\/2024\/12\/05\/estas-navidades-seran-inolvidables\/\" rel=\"bookmark\">\u00a1Estas Navidades ser\u00e1n inolvidables!<\/a><\/h2><div class=\"wp-show-posts-entry-meta wp-show-posts-entry-meta-below-title post-meta-inline\"><span class=\"wp-show-posts-posted-on wp-show-posts-meta\">\n\t\t\t\t\t<a href=\"https:\/\/www.apadahcas.org\/index.php\/2024\/12\/05\/estas-navidades-seran-inolvidables\/\" title=\"8:06 pm\" rel=\"bookmark\"><time class=\"wp-show-posts-entry-date published\" datetime=\"2024-12-05T20:06:52+01:00\" itemprop=\"datePublished\">05\/12\/2024<\/time><time class=\"wp-show-posts-updated\" datetime=\"2025-02-27T19:31:30+01:00\" itemprop=\"dateModified\">27\/02\/2025<\/time><\/a>\n\t\t\t\t<\/span><\/div>\t\t\t\t\t\t<\/header><!-- .entry-header -->\n\t\t\t\t\t\t\t\t\t\t\t<div class=\"wp-show-posts-entry-summary\" itemprop=\"text\">\n\t\t\t\t\t\t\t<p>Nos complace invitar a sus hijos e hijas a participar en nuestros\u00a0talleres\u00a0de Navidades \u00abmoviditas\u00bb, dise\u00f1ados para aprender, divertirse y compartir momentos inolvidables. Durante estas sesiones, llevaremos a cabo actividades como:&#8230;<\/p>\n\t\t\t\t\t\t<\/div><!-- .entry-summary -->\n\t\t\t\t\t<div class=\"wpsp-read-more\"><a title=\"\u00a1Estas Navidades ser\u00e1n inolvidables!\" class=\"wp-show-posts-read-more\" href=\"https:\/\/www.apadahcas.org\/index.php\/2024\/12\/05\/estas-navidades-seran-inolvidables\/\">Leer m\u00e1s<\/a><\/div><\/div><!-- wp-show-posts-inner --><\/article><article class=\" wp-show-posts-single post-1490 post type-post status-publish format-standard has-post-thumbnail hentry category-actividades category-formacion category-noticias category-sanidad category-servicios-sociales category-talleres wpsp-col-6\" itemtype=\"http:\/\/schema.org\/CreativeWork\" itemscope><div class=\"wp-show-posts-inner\" style=\"\">\t\t\t\t\t\t<header class=\"wp-show-posts-entry-header\">\n\t\t\t\t\t\t\t<h2 class=\"wp-show-posts-entry-title\" itemprop=\"headline\"><a href=\"https:\/\/www.apadahcas.org\/index.php\/2024\/11\/12\/riesgo-del-consumo-de-sustancias-en-adolescentes-con-tdah\/\" rel=\"bookmark\">Riesgo del consumo de sustancias en adolescentes con TDAH<\/a><\/h2><div class=\"wp-show-posts-entry-meta wp-show-posts-entry-meta-below-title post-meta-inline\"><span class=\"wp-show-posts-posted-on wp-show-posts-meta\">\n\t\t\t\t\t<a href=\"https:\/\/www.apadahcas.org\/index.php\/2024\/11\/12\/riesgo-del-consumo-de-sustancias-en-adolescentes-con-tdah\/\" title=\"7:36 pm\" rel=\"bookmark\"><time class=\"wp-show-posts-entry-date published\" datetime=\"2024-11-12T19:36:11+01:00\" itemprop=\"datePublished\">12\/11\/2024<\/time><time class=\"wp-show-posts-updated\" datetime=\"2025-02-27T12:50:04+01:00\" itemprop=\"dateModified\">27\/02\/2025<\/time><\/a>\n\t\t\t\t<\/span><\/div>\t\t\t\t\t\t<\/header><!-- .entry-header -->\n\t\t\t\t\t\t\t<div class=\"wp-show-posts-image  wpsp-image-center \">\n\t\t\t<a href=\"https:\/\/www.apadahcas.org\/index.php\/2024\/11\/12\/riesgo-del-consumo-de-sustancias-en-adolescentes-con-tdah\/\"  title=\"Riesgo del consumo de sustancias en adolescentes con TDAH\"><img loading=\"lazy\" decoding=\"async\" width=\"1087\" height=\"481\" src=\"https:\/\/www.apadahcas.org\/wp-content\/uploads\/2024\/03\/Captura-de-pantalla-2024-03-12-213932.png\" class=\"attachment-full size-full wp-post-image\" alt=\"\" itemprop=\"image\" srcset=\"https:\/\/www.apadahcas.org\/wp-content\/uploads\/2024\/03\/Captura-de-pantalla-2024-03-12-213932.png 1087w, https:\/\/www.apadahcas.org\/wp-content\/uploads\/2024\/03\/Captura-de-pantalla-2024-03-12-213932-300x133.png 300w, https:\/\/www.apadahcas.org\/wp-content\/uploads\/2024\/03\/Captura-de-pantalla-2024-03-12-213932-1024x453.png 1024w, https:\/\/www.apadahcas.org\/wp-content\/uploads\/2024\/03\/Captura-de-pantalla-2024-03-12-213932-768x340.png 768w, https:\/\/www.apadahcas.org\/wp-content\/uploads\/2024\/03\/Captura-de-pantalla-2024-03-12-213932-500x221.png 500w\" sizes=\"auto, (max-width: 1087px) 100vw, 1087px\" \/><\/a>\t\t<\/div>\n\t\t\t\t\t\t\t\t<div class=\"wp-show-posts-entry-summary\" itemprop=\"text\">\n\t\t\t\t\t\t\t<p>Nos complace anunciar un nuevo taller gratuito organizado por la asociaci\u00f3n que puede ser de gran inter\u00e9s para nuestras familias y j\u00f3venes: Taller: Riesgo del consumo de sustancias en adolescentes&#8230;<\/p>\n\t\t\t\t\t\t<\/div><!-- .entry-summary -->\n\t\t\t\t\t<div class=\"wpsp-read-more\"><a title=\"Riesgo del consumo de sustancias en adolescentes con TDAH\" class=\"wp-show-posts-read-more\" href=\"https:\/\/www.apadahcas.org\/index.php\/2024\/11\/12\/riesgo-del-consumo-de-sustancias-en-adolescentes-con-tdah\/\">Leer m\u00e1s<\/a><\/div><\/div><!-- wp-show-posts-inner --><\/article><article class=\" wp-show-posts-single post-1463 post type-post status-publish format-standard has-post-thumbnail hentry category-actividades category-eventos category-noticias category-otras-actividades category-talleres wpsp-col-6\" itemtype=\"http:\/\/schema.org\/CreativeWork\" itemscope><div class=\"wp-show-posts-inner\" style=\"\">\t\t\t\t\t\t<header class=\"wp-show-posts-entry-header\">\n\t\t\t\t\t\t\t<h2 class=\"wp-show-posts-entry-title\" itemprop=\"headline\"><a href=\"https:\/\/www.apadahcas.org\/index.php\/2024\/10\/25\/taller-en-que-lios-se-puede-meter-un-tdah\/\" rel=\"bookmark\">TALLER EN QU\u00c9 L\u00cdOS SE PUEDE METER UN TDAH<\/a><\/h2><div class=\"wp-show-posts-entry-meta wp-show-posts-entry-meta-below-title post-meta-inline\"><span class=\"wp-show-posts-posted-on wp-show-posts-meta\">\n\t\t\t\t\t<a href=\"https:\/\/www.apadahcas.org\/index.php\/2024\/10\/25\/taller-en-que-lios-se-puede-meter-un-tdah\/\" title=\"7:21 pm\" rel=\"bookmark\"><time class=\"wp-show-posts-entry-date published\" datetime=\"2024-10-25T19:21:47+02:00\" itemprop=\"datePublished\">25\/10\/2024<\/time><time class=\"wp-show-posts-updated\" datetime=\"2025-02-27T19:37:27+01:00\" itemprop=\"dateModified\">27\/02\/2025<\/time><\/a>\n\t\t\t\t<\/span><\/div>\t\t\t\t\t\t<\/header><!-- .entry-header -->\n\t\t\t\t\t\t\t<div class=\"wp-show-posts-image  wpsp-image-center \">\n\t\t\t<a href=\"https:\/\/www.apadahcas.org\/index.php\/2024\/10\/25\/taller-en-que-lios-se-puede-meter-un-tdah\/\"  title=\"TALLER EN QU\u00c9 L\u00cdOS SE PUEDE METER UN TDAH\"><img loading=\"lazy\" decoding=\"async\" width=\"1280\" height=\"720\" src=\"https:\/\/www.apadahcas.org\/wp-content\/uploads\/2024\/10\/pant.png\" class=\"attachment-full size-full wp-post-image\" alt=\"\" itemprop=\"image\" srcset=\"https:\/\/www.apadahcas.org\/wp-content\/uploads\/2024\/10\/pant.png 1280w, https:\/\/www.apadahcas.org\/wp-content\/uploads\/2024\/10\/pant-300x169.png 300w, https:\/\/www.apadahcas.org\/wp-content\/uploads\/2024\/10\/pant-1024x576.png 1024w, https:\/\/www.apadahcas.org\/wp-content\/uploads\/2024\/10\/pant-768x432.png 768w, https:\/\/www.apadahcas.org\/wp-content\/uploads\/2024\/10\/pant-500x281.png 500w\" sizes=\"auto, (max-width: 1280px) 100vw, 1280px\" \/><\/a>\t\t<\/div>\n\t\t\t\t\t\t\t\t<div class=\"wp-show-posts-entry-summary\" itemprop=\"text\">\n\t\t\t\t\t\t\t<p>\u00a1Buenas tardes de nuevo familias! Con la llegada del oto\u00f1o hemos preparado un taller que seguro os suena. Os presentamos el Grupo de para nuestros adolescentes y padres\/madres. La tercera&#8230;<\/p>\n\t\t\t\t\t\t<\/div><!-- .entry-summary -->\n\t\t\t\t\t<div class=\"wpsp-read-more\"><a title=\"TALLER EN QU\u00c9 L\u00cdOS SE PUEDE METER UN TDAH\" class=\"wp-show-posts-read-more\" href=\"https:\/\/www.apadahcas.org\/index.php\/2024\/10\/25\/taller-en-que-lios-se-puede-meter-un-tdah\/\">Leer m\u00e1s<\/a><\/div><\/div><!-- wp-show-posts-inner --><\/article><div class=\"wpsp-clear\"><\/div><\/section><!-- .wp-show-posts --><div class=\"wpsp-load-more\"><span aria-current=\"page\" class=\"page-numbers current\">1<\/span>\n<a class=\"page-numbers\" href=\"https:\/\/www.apadahcas.org\/index.php\/wp-json\/wp\/v2\/pages\/504\/page\/2\/\">2<\/a>\n<span class=\"page-numbers dots\">&hellip;<\/span>\n<a class=\"page-numbers\" href=\"https:\/\/www.apadahcas.org\/index.php\/wp-json\/wp\/v2\/pages\/504\/page\/4\/\">4<\/a>\n<a class=\"next page-numbers\" href=\"https:\/\/www.apadahcas.org\/index.php\/wp-json\/wp\/v2\/pages\/504\/page\/2\/\">Siguiente &rarr;<\/a><\/div>\n","protected":false},"excerpt":{"rendered":"","protected":false},"author":2,"featured_media":402,"parent":0,"menu_order":0,"comment_status":"closed","ping_status":"closed","template":"sidebar-page.php","meta":{"footnotes":""},"class_list":["post-504","page","type-page","status-publish","has-post-thumbnail","hentry"],"jetpack_sharing_enabled":true,"_links":{"self":[{"href":"https:\/\/www.apadahcas.org\/index.php\/wp-json\/wp\/v2\/pages\/504","targetHints":{"allow":["GET"]}}],"collection":[{"href":"https:\/\/www.apadahcas.org\/index.php\/wp-json\/wp\/v2\/pages"}],"about":[{"href":"https:\/\/www.apadahcas.org\/index.php\/wp-json\/wp\/v2\/types\/page"}],"author":[{"embeddable":true,"href":"https:\/\/www.apadahcas.org\/index.php\/wp-json\/wp\/v2\/users\/2"}],"replies":[{"embeddable":true,"href":"https:\/\/www.apadahcas.org\/index.php\/wp-json\/wp\/v2\/comments?post=504"}],"version-history":[{"count":5,"href":"https:\/\/www.apadahcas.org\/index.php\/wp-json\/wp\/v2\/pages\/504\/revisions"}],"predecessor-version":[{"id":731,"href":"https:\/\/www.apadahcas.org\/index.php\/wp-json\/wp\/v2\/pages\/504\/revisions\/731"}],"wp:featuredmedia":[{"embeddable":true,"href":"https:\/\/www.apadahcas.org\/index.php\/wp-json\/wp\/v2\/media\/402"}],"wp:attachment":[{"href":"https:\/\/www.apadahcas.org\/index.php\/wp-json\/wp\/v2\/media?parent=504"}],"curies":[{"name":"wp","href":"https:\/\/api.w.org\/{rel}","templated":true}]}}