{"id":502,"date":"2022-03-07T10:35:11","date_gmt":"2022-03-07T09:35:11","guid":{"rendered":"https:\/\/new.apadahcas.org\/?page_id=502"},"modified":"2023-11-02T18:18:10","modified_gmt":"2023-11-02T17:18:10","slug":"jornadas","status":"publish","type":"page","link":"https:\/\/www.apadahcas.org\/index.php\/jornadas\/","title":{"rendered":"Jornadas"},"content":{"rendered":"<style>.wp-show-posts-columns#wpsp-293 {margin-left: -2em; }.wp-show-posts-columns#wpsp-293 .wp-show-posts-inner {margin: 0 0 2em 2em; }<\/style><section id=\"wpsp-293\" class=\" wp-show-posts-columns wp-show-posts\" style=\"\"><article class=\" wp-show-posts-single post-1724 post type-post status-publish format-standard has-post-thumbnail hentry category-actividades category-apadahcas category-asociacion category-eventos category-jornadas category-noticias category-otras-actividades category-sanidad wpsp-col-6\" itemtype=\"http:\/\/schema.org\/CreativeWork\" itemscope><div class=\"wp-show-posts-inner\" style=\"\">\t\t\t\t\t\t<header class=\"wp-show-posts-entry-header\">\n\t\t\t\t\t\t\t<h2 class=\"wp-show-posts-entry-title\" itemprop=\"headline\"><a href=\"https:\/\/www.apadahcas.org\/index.php\/2025\/11\/17\/participacion-en-la-jornada-de-los-derechos-de-la-infancia-y-adolescencia-2025\/\" rel=\"bookmark\">Participaci\u00f3n en la Jornada de los Derechos de la Infancia y Adolescencia 2025<\/a><\/h2><div class=\"wp-show-posts-entry-meta wp-show-posts-entry-meta-below-title post-meta-inline\"><span class=\"wp-show-posts-posted-on wp-show-posts-meta\">\n\t\t\t\t\t<a href=\"https:\/\/www.apadahcas.org\/index.php\/2025\/11\/17\/participacion-en-la-jornada-de-los-derechos-de-la-infancia-y-adolescencia-2025\/\" title=\"7:54 pm\" rel=\"bookmark\"><time class=\"wp-show-posts-entry-date published\" datetime=\"2025-11-17T19:54:52+01:00\" itemprop=\"datePublished\">17\/11\/2025<\/time><\/a>\n\t\t\t\t<\/span><\/div>\t\t\t\t\t\t<\/header><!-- .entry-header -->\n\t\t\t\t\t\t\t<div class=\"wp-show-posts-image  wpsp-image-center \">\n\t\t\t<a href=\"https:\/\/www.apadahcas.org\/index.php\/2025\/11\/17\/participacion-en-la-jornada-de-los-derechos-de-la-infancia-y-adolescencia-2025\/\"  title=\"Participaci\u00f3n en la Jornada de los Derechos de la Infancia y Adolescencia 2025\"><img loading=\"lazy\" decoding=\"async\" width=\"1080\" height=\"1350\" src=\"https:\/\/www.apadahcas.org\/wp-content\/uploads\/2025\/11\/APADAHCAS-FORMATO-POST-BASICO.png\" class=\"attachment-full size-full wp-post-image\" alt=\"\" itemprop=\"image\" srcset=\"https:\/\/www.apadahcas.org\/wp-content\/uploads\/2025\/11\/APADAHCAS-FORMATO-POST-BASICO.png 1080w, https:\/\/www.apadahcas.org\/wp-content\/uploads\/2025\/11\/APADAHCAS-FORMATO-POST-BASICO-240x300.png 240w, https:\/\/www.apadahcas.org\/wp-content\/uploads\/2025\/11\/APADAHCAS-FORMATO-POST-BASICO-819x1024.png 819w, https:\/\/www.apadahcas.org\/wp-content\/uploads\/2025\/11\/APADAHCAS-FORMATO-POST-BASICO-768x960.png 768w\" sizes=\"auto, (max-width: 1080px) 100vw, 1080px\" \/><\/a>\t\t<\/div>\n\t\t\t\t\t\t\t\t<div class=\"wp-show-posts-entry-summary\" itemprop=\"text\">\n\t\t\t\t\t\t\t<p>APADAHCAS participar\u00e1 en la Jornada de los Derechos de la Infancia y Adolescencia 2025 El pr\u00f3ximo s\u00e1bado 22 de noviembre, APADAHCAS participar\u00e1 en la Jornada Conmemorativa de los Derechos de&#8230;<\/p>\n\t\t\t\t\t\t<\/div><!-- .entry-summary -->\n\t\t\t\t\t<div class=\"wpsp-read-more\"><a title=\"Participaci\u00f3n en la Jornada de los Derechos de la Infancia y Adolescencia 2025\" class=\"wp-show-posts-read-more\" href=\"https:\/\/www.apadahcas.org\/index.php\/2025\/11\/17\/participacion-en-la-jornada-de-los-derechos-de-la-infancia-y-adolescencia-2025\/\">Leer m\u00e1s<\/a><\/div><\/div><!-- wp-show-posts-inner --><\/article><article class=\" wp-show-posts-single post-1706 post type-post status-publish format-standard hentry category-apadahcas category-asociacion category-eventos category-formacion category-jornadas category-noticias wpsp-col-6\" itemtype=\"http:\/\/schema.org\/CreativeWork\" itemscope><div class=\"wp-show-posts-inner\" style=\"\">\t\t\t\t\t\t<header class=\"wp-show-posts-entry-header\">\n\t\t\t\t\t\t\t<h2 class=\"wp-show-posts-entry-title\" itemprop=\"headline\"><a href=\"https:\/\/www.apadahcas.org\/index.php\/2025\/10\/29\/apadahcas-participa-en-el-programa-sense-barreres-de-la-universitat-jaume-i\/\" rel=\"bookmark\">Apadahcas participa en el programa \u201cSense Barreres\u201d de la Universitat Jaume I<\/a><\/h2><div class=\"wp-show-posts-entry-meta wp-show-posts-entry-meta-below-title post-meta-inline\"><span class=\"wp-show-posts-posted-on wp-show-posts-meta\">\n\t\t\t\t\t<a href=\"https:\/\/www.apadahcas.org\/index.php\/2025\/10\/29\/apadahcas-participa-en-el-programa-sense-barreres-de-la-universitat-jaume-i\/\" title=\"12:38 pm\" rel=\"bookmark\"><time class=\"wp-show-posts-entry-date published\" datetime=\"2025-10-29T12:38:33+01:00\" itemprop=\"datePublished\">29\/10\/2025<\/time><\/a>\n\t\t\t\t<\/span><\/div>\t\t\t\t\t\t<\/header><!-- .entry-header -->\n\t\t\t\t\t\t\t\t\t\t\t<div class=\"wp-show-posts-entry-summary\" itemprop=\"text\">\n\t\t\t\t\t\t\t<p>La presidenta de la asociaci\u00f3n, M\u00f3nica Mingarro, visibiliza el TDAH y la labor de Apadahcas en el espacio radiof\u00f3nico de la UJI dedicado a la diversidad y la inclusi\u00f3n. La&#8230;<\/p>\n\t\t\t\t\t\t<\/div><!-- .entry-summary -->\n\t\t\t\t\t<div class=\"wpsp-read-more\"><a title=\"Apadahcas participa en el programa \u201cSense Barreres\u201d de la Universitat Jaume I\" class=\"wp-show-posts-read-more\" href=\"https:\/\/www.apadahcas.org\/index.php\/2025\/10\/29\/apadahcas-participa-en-el-programa-sense-barreres-de-la-universitat-jaume-i\/\">Leer m\u00e1s<\/a><\/div><\/div><!-- wp-show-posts-inner --><\/article><article class=\" wp-show-posts-single post-1699 post type-post status-publish format-standard hentry category-apadahcas category-asociacion category-eventos category-jornadas category-noticias wpsp-col-6\" itemtype=\"http:\/\/schema.org\/CreativeWork\" itemscope><div class=\"wp-show-posts-inner\" style=\"\">\t\t\t\t\t\t<header class=\"wp-show-posts-entry-header\">\n\t\t\t\t\t\t\t<h2 class=\"wp-show-posts-entry-title\" itemprop=\"headline\"><a href=\"https:\/\/www.apadahcas.org\/index.php\/2025\/10\/28\/exito-de-las-jornadas-organizadas-por-apadahcas-sobre-tdah-en-la-universitat-jaume-i\/\" rel=\"bookmark\">\u00c9xito de las Jornadas organizadas por APADAHCAS sobre TDAH en la Universitat Jaume I<\/a><\/h2><div class=\"wp-show-posts-entry-meta wp-show-posts-entry-meta-below-title post-meta-inline\"><span class=\"wp-show-posts-posted-on wp-show-posts-meta\">\n\t\t\t\t\t<a href=\"https:\/\/www.apadahcas.org\/index.php\/2025\/10\/28\/exito-de-las-jornadas-organizadas-por-apadahcas-sobre-tdah-en-la-universitat-jaume-i\/\" title=\"1:25 pm\" rel=\"bookmark\"><time class=\"wp-show-posts-entry-date published\" datetime=\"2025-10-28T13:25:00+01:00\" itemprop=\"datePublished\">28\/10\/2025<\/time><\/a>\n\t\t\t\t<\/span><\/div>\t\t\t\t\t\t<\/header><!-- .entry-header -->\n\t\t\t\t\t\t\t\t\t\t\t<div class=\"wp-show-posts-entry-summary\" itemprop=\"text\">\n\t\t\t\t\t\t\t<p>Las Jornadas organizadas por APADAHCAS sobre el Trastorno por D\u00e9ficit de Atenci\u00f3n con o sin Hiperactividad (TDAH), celebradas los d\u00edas 18 y 25 de octubre de 2025 en la Universitat&#8230;<\/p>\n\t\t\t\t\t\t<\/div><!-- .entry-summary -->\n\t\t\t\t\t<div class=\"wpsp-read-more\"><a title=\"\u00c9xito de las Jornadas organizadas por APADAHCAS sobre TDAH en la Universitat Jaume I\" class=\"wp-show-posts-read-more\" href=\"https:\/\/www.apadahcas.org\/index.php\/2025\/10\/28\/exito-de-las-jornadas-organizadas-por-apadahcas-sobre-tdah-en-la-universitat-jaume-i\/\">Leer m\u00e1s<\/a><\/div><\/div><!-- wp-show-posts-inner --><\/article><article class=\" wp-show-posts-single post-1690 post type-post status-publish format-standard hentry category-actividades category-apadahcas category-asociacion category-educacion category-eventos category-formacion category-jornadas category-noticias category-sanidad wpsp-col-6\" itemtype=\"http:\/\/schema.org\/CreativeWork\" itemscope><div class=\"wp-show-posts-inner\" style=\"\">\t\t\t\t\t\t<header class=\"wp-show-posts-entry-header\">\n\t\t\t\t\t\t\t<h2 class=\"wp-show-posts-entry-title\" itemprop=\"headline\"><a href=\"https:\/\/www.apadahcas.org\/index.php\/2025\/10\/21\/la-comunidad-valenciana-avanza-en-la-atencion-al-tdah-un-nuevo-programa-sanitario-mas-recursos-educativos-y-un-protocolo-autonomico-en-desarrollo\/\" rel=\"bookmark\">La Comunidad Valenciana avanza en la atenci\u00f3n al TDAH: un nuevo programa sanitario, m\u00e1s recursos educativos y un protocolo auton\u00f3mico en desarrollo<\/a><\/h2><div class=\"wp-show-posts-entry-meta wp-show-posts-entry-meta-below-title post-meta-inline\"><span class=\"wp-show-posts-posted-on wp-show-posts-meta\">\n\t\t\t\t\t<a href=\"https:\/\/www.apadahcas.org\/index.php\/2025\/10\/21\/la-comunidad-valenciana-avanza-en-la-atencion-al-tdah-un-nuevo-programa-sanitario-mas-recursos-educativos-y-un-protocolo-autonomico-en-desarrollo\/\" title=\"7:58 pm\" rel=\"bookmark\"><time class=\"wp-show-posts-entry-date published\" datetime=\"2025-10-21T19:58:59+02:00\" itemprop=\"datePublished\">21\/10\/2025<\/time><\/a>\n\t\t\t\t<\/span><\/div>\t\t\t\t\t\t<\/header><!-- .entry-header -->\n\t\t\t\t\t\t\t\t\t\t\t<div class=\"wp-show-posts-entry-summary\" itemprop=\"text\">\n\t\t\t\t\t\t\t<p>En la Comunidad Valenciana se est\u00e1n dando pasos muy importantes para mejorar la atenci\u00f3n al TDAH (Trastorno por D\u00e9ficit de Atenci\u00f3n con\/sin Hiperactividad). La comunidad se sit\u00faa como ejemplo de&#8230;<\/p>\n\t\t\t\t\t\t<\/div><!-- .entry-summary -->\n\t\t\t\t\t<div class=\"wpsp-read-more\"><a title=\"La Comunidad Valenciana avanza en la atenci\u00f3n al TDAH: un nuevo programa sanitario, m\u00e1s recursos educativos y un protocolo auton\u00f3mico en desarrollo\" class=\"wp-show-posts-read-more\" href=\"https:\/\/www.apadahcas.org\/index.php\/2025\/10\/21\/la-comunidad-valenciana-avanza-en-la-atencion-al-tdah-un-nuevo-programa-sanitario-mas-recursos-educativos-y-un-protocolo-autonomico-en-desarrollo\/\">Leer m\u00e1s<\/a><\/div><\/div><!-- wp-show-posts-inner --><\/article><article class=\" wp-show-posts-single post-1688 post type-post status-publish format-standard hentry category-apadahcas category-asociacion category-educacion category-eventos category-jornadas category-noticias category-sanidad wpsp-col-6\" itemtype=\"http:\/\/schema.org\/CreativeWork\" itemscope><div class=\"wp-show-posts-inner\" style=\"\">\t\t\t\t\t\t<header class=\"wp-show-posts-entry-header\">\n\t\t\t\t\t\t\t<h2 class=\"wp-show-posts-entry-title\" itemprop=\"headline\"><a href=\"https:\/\/www.apadahcas.org\/index.php\/2025\/10\/16\/el-nuevo-protocolo-entre-sanidad-y-educacion-beneficiara-a-12-600-menores-con-tdah-todo-lo-que-debes-saber\/\" rel=\"bookmark\">El nuevo protocolo entre Sanidad y Educaci\u00f3n beneficiar\u00e1 a 12.600 menores con TDAH: todo lo que debes saber<\/a><\/h2><div class=\"wp-show-posts-entry-meta wp-show-posts-entry-meta-below-title post-meta-inline\"><span class=\"wp-show-posts-posted-on wp-show-posts-meta\">\n\t\t\t\t\t<a href=\"https:\/\/www.apadahcas.org\/index.php\/2025\/10\/16\/el-nuevo-protocolo-entre-sanidad-y-educacion-beneficiara-a-12-600-menores-con-tdah-todo-lo-que-debes-saber\/\" title=\"5:59 pm\" rel=\"bookmark\"><time class=\"wp-show-posts-entry-date published\" datetime=\"2025-10-16T17:59:06+02:00\" itemprop=\"datePublished\">16\/10\/2025<\/time><\/a>\n\t\t\t\t<\/span><\/div>\t\t\t\t\t\t<\/header><!-- .entry-header -->\n\t\t\t\t\t\t\t\t\t\t\t<div class=\"wp-show-posts-entry-summary\" itemprop=\"text\">\n\t\t\t\t\t\t\t<p>Hace poco se ha dado a conocer un ambicioso protocolo conjunto entre las consejer\u00edas de Sanidad y Educaci\u00f3n que, cuando se implemente, beneficiar\u00e1 directamente a m\u00e1s de 12.600 ni\u00f1os y&#8230;<\/p>\n\t\t\t\t\t\t<\/div><!-- .entry-summary -->\n\t\t\t\t\t<div class=\"wpsp-read-more\"><a title=\"El nuevo protocolo entre Sanidad y Educaci\u00f3n beneficiar\u00e1 a 12.600 menores con TDAH: todo lo que debes saber\" class=\"wp-show-posts-read-more\" href=\"https:\/\/www.apadahcas.org\/index.php\/2025\/10\/16\/el-nuevo-protocolo-entre-sanidad-y-educacion-beneficiara-a-12-600-menores-con-tdah-todo-lo-que-debes-saber\/\">Leer m\u00e1s<\/a><\/div><\/div><!-- wp-show-posts-inner --><\/article><article class=\" wp-show-posts-single post-1666 post type-post status-publish format-standard hentry category-actividades category-apadahcas category-educacion category-eventos category-jornadas category-noticias wpsp-col-6\" itemtype=\"http:\/\/schema.org\/CreativeWork\" itemscope><div class=\"wp-show-posts-inner\" style=\"\">\t\t\t\t\t\t<header class=\"wp-show-posts-entry-header\">\n\t\t\t\t\t\t\t<h2 class=\"wp-show-posts-entry-title\" itemprop=\"headline\"><a href=\"https:\/\/www.apadahcas.org\/index.php\/2025\/09\/17\/vuelven-las-jornadas-sobre-tdah-organizadas-por-apadahcas-octubre-2025\/\" rel=\"bookmark\">Vuelven las Jornadas sobre TDAH organizadas por Apadahcas \u2013 Octubre 2025<\/a><\/h2><div class=\"wp-show-posts-entry-meta wp-show-posts-entry-meta-below-title post-meta-inline\"><span class=\"wp-show-posts-posted-on wp-show-posts-meta\">\n\t\t\t\t\t<a href=\"https:\/\/www.apadahcas.org\/index.php\/2025\/09\/17\/vuelven-las-jornadas-sobre-tdah-organizadas-por-apadahcas-octubre-2025\/\" title=\"1:31 pm\" rel=\"bookmark\"><time class=\"wp-show-posts-entry-date published\" datetime=\"2025-09-17T13:31:16+02:00\" itemprop=\"datePublished\">17\/09\/2025<\/time><\/a>\n\t\t\t\t<\/span><\/div>\t\t\t\t\t\t<\/header><!-- .entry-header -->\n\t\t\t\t\t\t\t\t\t\t\t<div class=\"wp-show-posts-entry-summary\" itemprop=\"text\">\n\t\t\t\t\t\t\t<p>La Asociaci\u00f3n APADAHCAS organiza las Jornadas sobre el Trastorno por D\u00e9ficit de Atenci\u00f3n con o sin Hiperactividad (TDAH) los pr\u00f3ximos 18 y 25 de octubre de 2025 en la Universitat&#8230;<\/p>\n\t\t\t\t\t\t<\/div><!-- .entry-summary -->\n\t\t\t\t\t<div class=\"wpsp-read-more\"><a title=\"Vuelven las Jornadas sobre TDAH organizadas por Apadahcas \u2013 Octubre 2025\" class=\"wp-show-posts-read-more\" href=\"https:\/\/www.apadahcas.org\/index.php\/2025\/09\/17\/vuelven-las-jornadas-sobre-tdah-organizadas-por-apadahcas-octubre-2025\/\">Leer m\u00e1s<\/a><\/div><\/div><!-- wp-show-posts-inner --><\/article><article class=\" wp-show-posts-single post-1449 post type-post status-publish format-aside hentry category-actividades category-eventos category-formacion category-jornadas category-noticias post_format-post-format-aside wpsp-col-6\" itemtype=\"http:\/\/schema.org\/CreativeWork\" itemscope><div class=\"wp-show-posts-inner\" style=\"\">\t\t\t\t\t\t<header class=\"wp-show-posts-entry-header\">\n\t\t\t\t\t\t\t<h2 class=\"wp-show-posts-entry-title\" itemprop=\"headline\"><a href=\"https:\/\/www.apadahcas.org\/index.php\/2024\/10\/18\/ubicacion-xiii-jorndas-tdah-2024\/\" rel=\"bookmark\">UBICACI\u00d3N XIII JORNDAS TDAH 2024<\/a><\/h2><div class=\"wp-show-posts-entry-meta wp-show-posts-entry-meta-below-title post-meta-inline\"><span class=\"wp-show-posts-posted-on wp-show-posts-meta\">\n\t\t\t\t\t<a href=\"https:\/\/www.apadahcas.org\/index.php\/2024\/10\/18\/ubicacion-xiii-jorndas-tdah-2024\/\" title=\"7:07 pm\" rel=\"bookmark\"><time class=\"wp-show-posts-entry-date published\" datetime=\"2024-10-18T19:07:41+02:00\" itemprop=\"datePublished\">18\/10\/2024<\/time><time class=\"wp-show-posts-updated\" datetime=\"2024-10-22T17:56:58+02:00\" itemprop=\"dateModified\">22\/10\/2024<\/time><\/a>\n\t\t\t\t<\/span><\/div>\t\t\t\t\t\t<\/header><!-- .entry-header -->\n\t\t\t\t\t\t\t\t\t\t\t<div class=\"wp-show-posts-entry-summary\" itemprop=\"text\">\n\t\t\t\t\t\t\t<p>\ud83d\udce2 \u00a1Recordatorio importante! \ud83d\udce2 Ma\u00f1ana se celebran las XIII Jornadas de TDAH organizadas por la Asociaci\u00f3n APADAHCAS. \ud83d\ude4c No te olvides de este evento tan especial, en el que aprenderemos&#8230;<\/p>\n\t\t\t\t\t\t<\/div><!-- .entry-summary -->\n\t\t\t\t\t<div class=\"wpsp-read-more\"><a title=\"UBICACI\u00d3N XIII JORNDAS TDAH 2024\" class=\"wp-show-posts-read-more\" href=\"https:\/\/www.apadahcas.org\/index.php\/2024\/10\/18\/ubicacion-xiii-jorndas-tdah-2024\/\">Leer m\u00e1s<\/a><\/div><\/div><!-- wp-show-posts-inner --><\/article><article class=\" wp-show-posts-single post-1439 post type-post status-publish format-standard has-post-thumbnail hentry category-actividades category-asociacion category-eventos category-formacion category-jornadas category-noticias category-otras-actividades wpsp-col-6\" itemtype=\"http:\/\/schema.org\/CreativeWork\" itemscope><div class=\"wp-show-posts-inner\" style=\"\">\t\t\t\t\t\t<header class=\"wp-show-posts-entry-header\">\n\t\t\t\t\t\t\t<h2 class=\"wp-show-posts-entry-title\" itemprop=\"headline\"><a href=\"https:\/\/www.apadahcas.org\/index.php\/2024\/09\/30\/xiii-jornadas-apadahcas\/\" rel=\"bookmark\">XIII JORNADAS APADAHCAS<\/a><\/h2><div class=\"wp-show-posts-entry-meta wp-show-posts-entry-meta-below-title post-meta-inline\"><span class=\"wp-show-posts-posted-on wp-show-posts-meta\">\n\t\t\t\t\t<a href=\"https:\/\/www.apadahcas.org\/index.php\/2024\/09\/30\/xiii-jornadas-apadahcas\/\" title=\"7:37 pm\" rel=\"bookmark\"><time class=\"wp-show-posts-entry-date published\" datetime=\"2024-09-30T19:37:16+02:00\" itemprop=\"datePublished\">30\/09\/2024<\/time><time class=\"wp-show-posts-updated\" datetime=\"2024-10-24T19:07:56+02:00\" itemprop=\"dateModified\">24\/10\/2024<\/time><\/a>\n\t\t\t\t<\/span><\/div>\t\t\t\t\t\t<\/header><!-- .entry-header -->\n\t\t\t\t\t\t\t<div class=\"wp-show-posts-image  wpsp-image-center \">\n\t\t\t<a href=\"https:\/\/www.apadahcas.org\/index.php\/2024\/09\/30\/xiii-jornadas-apadahcas\/\"  title=\"XIII JORNADAS APADAHCAS\"><img loading=\"lazy\" decoding=\"async\" width=\"1080\" height=\"1080\" src=\"https:\/\/www.apadahcas.org\/wp-content\/uploads\/2024\/09\/IMAGEN-JORNADAS-PUBLICIDAD-2-2.png\" class=\"attachment-full size-full wp-post-image\" alt=\"\" itemprop=\"image\" srcset=\"https:\/\/www.apadahcas.org\/wp-content\/uploads\/2024\/09\/IMAGEN-JORNADAS-PUBLICIDAD-2-2.png 1080w, https:\/\/www.apadahcas.org\/wp-content\/uploads\/2024\/09\/IMAGEN-JORNADAS-PUBLICIDAD-2-2-300x300.png 300w, https:\/\/www.apadahcas.org\/wp-content\/uploads\/2024\/09\/IMAGEN-JORNADAS-PUBLICIDAD-2-2-1024x1024.png 1024w, https:\/\/www.apadahcas.org\/wp-content\/uploads\/2024\/09\/IMAGEN-JORNADAS-PUBLICIDAD-2-2-150x150.png 150w, https:\/\/www.apadahcas.org\/wp-content\/uploads\/2024\/09\/IMAGEN-JORNADAS-PUBLICIDAD-2-2-768x768.png 768w\" sizes=\"auto, (max-width: 1080px) 100vw, 1080px\" \/><\/a>\t\t<\/div>\n\t\t\t\t\t\t\t\t<div class=\"wp-show-posts-entry-summary\" itemprop=\"text\">\n\t\t\t\t\t\t\t<p>Estimado\/a socio\/a, Nos complace invitarte a participar en las XIII Jornadas sobre el Trastorno por D\u00e9ficit de Atenci\u00f3n con o sin Hiperactividad (TDAH), que se celebrar\u00e1n los d\u00edas 19 y&#8230;<\/p>\n\t\t\t\t\t\t<\/div><!-- .entry-summary -->\n\t\t\t\t\t<div class=\"wpsp-read-more\"><a title=\"XIII JORNADAS APADAHCAS\" class=\"wp-show-posts-read-more\" href=\"https:\/\/www.apadahcas.org\/index.php\/2024\/09\/30\/xiii-jornadas-apadahcas\/\">Leer m\u00e1s<\/a><\/div><\/div><!-- wp-show-posts-inner --><\/article><article class=\" wp-show-posts-single post-1406 post type-post status-publish format-standard has-post-thumbnail hentry category-actividades category-eventos category-jornadas category-noticias category-talleres category-uncategorized wpsp-col-6\" itemtype=\"http:\/\/schema.org\/CreativeWork\" itemscope><div class=\"wp-show-posts-inner\" style=\"\">\t\t\t\t\t\t<header class=\"wp-show-posts-entry-header\">\n\t\t\t\t\t\t\t<h2 class=\"wp-show-posts-entry-title\" itemprop=\"headline\"><a href=\"https:\/\/www.apadahcas.org\/index.php\/2024\/06\/06\/ii-trobada-dassociacions-tdah-dislexia-i-altres-dea-comunitat-valenciana\/\" rel=\"bookmark\">II TROBADA D\u2019ASSOCIACIONS TDAH, DISL\u00c8XIA I ALTRES DEA, COMUNITAT VALENCIANA<\/a><\/h2><div class=\"wp-show-posts-entry-meta wp-show-posts-entry-meta-below-title post-meta-inline\"><span class=\"wp-show-posts-posted-on wp-show-posts-meta\">\n\t\t\t\t\t<a href=\"https:\/\/www.apadahcas.org\/index.php\/2024\/06\/06\/ii-trobada-dassociacions-tdah-dislexia-i-altres-dea-comunitat-valenciana\/\" title=\"5:40 pm\" rel=\"bookmark\"><time class=\"wp-show-posts-entry-date published\" datetime=\"2024-06-06T17:40:41+02:00\" itemprop=\"datePublished\">06\/06\/2024<\/time><time class=\"wp-show-posts-updated\" datetime=\"2024-06-06T18:16:38+02:00\" itemprop=\"dateModified\">06\/06\/2024<\/time><\/a>\n\t\t\t\t<\/span><\/div>\t\t\t\t\t\t<\/header><!-- .entry-header -->\n\t\t\t\t\t\t\t<div class=\"wp-show-posts-image  wpsp-image-center \">\n\t\t\t<a href=\"https:\/\/www.apadahcas.org\/index.php\/2024\/06\/06\/ii-trobada-dassociacions-tdah-dislexia-i-altres-dea-comunitat-valenciana\/\"  title=\"II TROBADA D\u2019ASSOCIACIONS TDAH, DISL\u00c8XIA I ALTRES DEA, COMUNITAT VALENCIANA\"><img loading=\"lazy\" decoding=\"async\" width=\"1748\" height=\"1240\" src=\"https:\/\/www.apadahcas.org\/wp-content\/uploads\/2024\/06\/INVITACIONES-II-TROBADA.png\" class=\"attachment-full size-full wp-post-image\" alt=\"\" itemprop=\"image\" srcset=\"https:\/\/www.apadahcas.org\/wp-content\/uploads\/2024\/06\/INVITACIONES-II-TROBADA.png 1748w, https:\/\/www.apadahcas.org\/wp-content\/uploads\/2024\/06\/INVITACIONES-II-TROBADA-300x213.png 300w, https:\/\/www.apadahcas.org\/wp-content\/uploads\/2024\/06\/INVITACIONES-II-TROBADA-1024x726.png 1024w, https:\/\/www.apadahcas.org\/wp-content\/uploads\/2024\/06\/INVITACIONES-II-TROBADA-768x545.png 768w, https:\/\/www.apadahcas.org\/wp-content\/uploads\/2024\/06\/INVITACIONES-II-TROBADA-1536x1090.png 1536w, https:\/\/www.apadahcas.org\/wp-content\/uploads\/2024\/06\/INVITACIONES-II-TROBADA-423x300.png 423w\" sizes=\"auto, (max-width: 1748px) 100vw, 1748px\" \/><\/a>\t\t<\/div>\n\t\t\t\t\t\t\t\t<div class=\"wp-show-posts-entry-summary\" itemprop=\"text\">\n\t\t\t\t\t\t\t<p>Este 2024 volvemos con el II ENCUENTRO DE ASOCIACIONES TDAH, DISLEXIA Y OTRAS DIOSA, COMUNIDAD VALENCIANA. Esta vez, se celebrar\u00e1 en Canet de Berenguer por lo que os invitamos a&#8230;<\/p>\n\t\t\t\t\t\t<\/div><!-- .entry-summary -->\n\t\t\t\t\t<div class=\"wpsp-read-more\"><a title=\"II TROBADA D\u2019ASSOCIACIONS TDAH, DISL\u00c8XIA I ALTRES DEA, COMUNITAT VALENCIANA\" class=\"wp-show-posts-read-more\" href=\"https:\/\/www.apadahcas.org\/index.php\/2024\/06\/06\/ii-trobada-dassociacions-tdah-dislexia-i-altres-dea-comunitat-valenciana\/\">Leer m\u00e1s<\/a><\/div><\/div><!-- wp-show-posts-inner --><\/article><article class=\" wp-show-posts-single post-1401 post type-post status-publish format-standard has-post-thumbnail hentry category-actividades category-educacion category-eventos category-formacion category-jornadas category-noticias wpsp-col-6\" itemtype=\"http:\/\/schema.org\/CreativeWork\" itemscope><div class=\"wp-show-posts-inner\" style=\"\">\t\t\t\t\t\t<header class=\"wp-show-posts-entry-header\">\n\t\t\t\t\t\t\t<h2 class=\"wp-show-posts-entry-title\" itemprop=\"headline\"><a href=\"https:\/\/www.apadahcas.org\/index.php\/2024\/06\/03\/charla-en-vivo-becas-neae\/\" rel=\"bookmark\">CHARLA EN VIVO &#8211; BECAS NEAE<\/a><\/h2><div class=\"wp-show-posts-entry-meta wp-show-posts-entry-meta-below-title post-meta-inline\"><span class=\"wp-show-posts-posted-on wp-show-posts-meta\">\n\t\t\t\t\t<a href=\"https:\/\/www.apadahcas.org\/index.php\/2024\/06\/03\/charla-en-vivo-becas-neae\/\" title=\"7:58 pm\" rel=\"bookmark\"><time class=\"wp-show-posts-entry-date published\" datetime=\"2024-06-03T19:58:31+02:00\" itemprop=\"datePublished\">03\/06\/2024<\/time><time class=\"wp-show-posts-updated\" datetime=\"2024-06-03T19:59:31+02:00\" itemprop=\"dateModified\">03\/06\/2024<\/time><\/a>\n\t\t\t\t<\/span><\/div>\t\t\t\t\t\t<\/header><!-- .entry-header -->\n\t\t\t\t\t\t\t<div class=\"wp-show-posts-image  wpsp-image-center \">\n\t\t\t<a href=\"https:\/\/www.apadahcas.org\/index.php\/2024\/06\/03\/charla-en-vivo-becas-neae\/\"  title=\"CHARLA EN VIVO &#8211; BECAS NEAE\"><img loading=\"lazy\" decoding=\"async\" width=\"1080\" height=\"1080\" src=\"https:\/\/www.apadahcas.org\/wp-content\/uploads\/2024\/06\/BECAS-NEAE-1.png\" class=\"attachment-full size-full wp-post-image\" alt=\"\" itemprop=\"image\" srcset=\"https:\/\/www.apadahcas.org\/wp-content\/uploads\/2024\/06\/BECAS-NEAE-1.png 1080w, https:\/\/www.apadahcas.org\/wp-content\/uploads\/2024\/06\/BECAS-NEAE-1-300x300.png 300w, https:\/\/www.apadahcas.org\/wp-content\/uploads\/2024\/06\/BECAS-NEAE-1-1024x1024.png 1024w, https:\/\/www.apadahcas.org\/wp-content\/uploads\/2024\/06\/BECAS-NEAE-1-150x150.png 150w, https:\/\/www.apadahcas.org\/wp-content\/uploads\/2024\/06\/BECAS-NEAE-1-768x768.png 768w\" sizes=\"auto, (max-width: 1080px) 100vw, 1080px\" \/><\/a>\t\t<\/div>\n\t\t\t\t\t\t\t\t<div class=\"wp-show-posts-entry-summary\" itemprop=\"text\">\n\t\t\t\t\t\t\t<p>Queridos socios\/as. Sabemos que las\u00a0BECAS NEAE\u00a0siempre suscitan muchas dudas entre vosotros, por ello, os proponemos una conexi\u00f3n online donde hablar del procedimiento de solicitud e intentar resolver las posibles preguntas&#8230;<\/p>\n\t\t\t\t\t\t<\/div><!-- .entry-summary -->\n\t\t\t\t\t<div class=\"wpsp-read-more\"><a title=\"CHARLA EN VIVO &#8211; BECAS NEAE\" class=\"wp-show-posts-read-more\" href=\"https:\/\/www.apadahcas.org\/index.php\/2024\/06\/03\/charla-en-vivo-becas-neae\/\">Leer m\u00e1s<\/a><\/div><\/div><!-- wp-show-posts-inner --><\/article><div class=\"wpsp-clear\"><\/div><\/section><!-- .wp-show-posts --><div class=\"wpsp-load-more\"><span aria-current=\"page\" class=\"page-numbers current\">1<\/span>\n<a class=\"page-numbers\" href=\"https:\/\/www.apadahcas.org\/index.php\/wp-json\/wp\/v2\/pages\/502\/page\/2\/\">2<\/a>\n<span class=\"page-numbers dots\">&hellip;<\/span>\n<a class=\"page-numbers\" href=\"https:\/\/www.apadahcas.org\/index.php\/wp-json\/wp\/v2\/pages\/502\/page\/4\/\">4<\/a>\n<a class=\"next page-numbers\" href=\"https:\/\/www.apadahcas.org\/index.php\/wp-json\/wp\/v2\/pages\/502\/page\/2\/\">Siguiente &rarr;<\/a><\/div>\n","protected":false},"excerpt":{"rendered":"","protected":false},"author":2,"featured_media":1270,"parent":0,"menu_order":0,"comment_status":"closed","ping_status":"closed","template":"sidebar-page.php","meta":{"footnotes":""},"class_list":["post-502","page","type-page","status-publish","has-post-thumbnail","hentry"],"jetpack_sharing_enabled":true,"_links":{"self":[{"href":"https:\/\/www.apadahcas.org\/index.php\/wp-json\/wp\/v2\/pages\/502","targetHints":{"allow":["GET"]}}],"collection":[{"href":"https:\/\/www.apadahcas.org\/index.php\/wp-json\/wp\/v2\/pages"}],"about":[{"href":"https:\/\/www.apadahcas.org\/index.php\/wp-json\/wp\/v2\/types\/page"}],"author":[{"embeddable":true,"href":"https:\/\/www.apadahcas.org\/index.php\/wp-json\/wp\/v2\/users\/2"}],"replies":[{"embeddable":true,"href":"https:\/\/www.apadahcas.org\/index.php\/wp-json\/wp\/v2\/comments?post=502"}],"version-history":[{"count":3,"href":"https:\/\/www.apadahcas.org\/index.php\/wp-json\/wp\/v2\/pages\/502\/revisions"}],"predecessor-version":[{"id":1276,"href":"https:\/\/www.apadahcas.org\/index.php\/wp-json\/wp\/v2\/pages\/502\/revisions\/1276"}],"wp:featuredmedia":[{"embeddable":true,"href":"https:\/\/www.apadahcas.org\/index.php\/wp-json\/wp\/v2\/media\/1270"}],"wp:attachment":[{"href":"https:\/\/www.apadahcas.org\/index.php\/wp-json\/wp\/v2\/media?parent=502"}],"curies":[{"name":"wp","href":"https:\/\/api.w.org\/{rel}","templated":true}]}}