{"id":29,"date":"2022-02-03T11:42:54","date_gmt":"2022-02-03T11:42:54","guid":{"rendered":"https:\/\/new.apadahcas.org\/?page_id=29"},"modified":"2022-06-02T12:58:58","modified_gmt":"2022-06-02T10:58:58","slug":"que-es-el-tda-h","status":"publish","type":"page","link":"https:\/\/www.apadahcas.org\/index.php\/que-es-el-tda-h\/","title":{"rendered":"\u00bfQu\u00e9 es el TDA-H?"},"content":{"rendered":"\r\n<p>El trastorno por d\u00e9ficit de atenci\u00f3n con hiperactividad (TDAH) es un s\u00edndrome conductual con bases neurobiol\u00f3gicas y un fuerte componente gen\u00e9tico.\u00a0 Es un transtorno muy prevalente que, seg\u00fan estimaciones, afecta entre un 5 y un 10% de la poblaci\u00f3n infanto-juvenil, siendo unas 3 veces m\u00e1s frecuente en varones. No se han demostrado diferencias entre diferentes \u00e1reas geogr\u00e1ficas, grupos culturales o niveles socioecon\u00f3micos. Representa entre el 20 y el 40% de las consultas en los servicios de psiquiatr\u00eda infanto-juvenil.<\/p>\r\n\r\n\r\n\r\n<p>Se trata de un trastorno neurol\u00f3gico del comportamiento caracterizado por distracci\u00f3n moderada a severa, per\u00edodos de atenci\u00f3n breve, inquietud motora, inestabilidad emocional y conductas impulsivas. Tiene una muy alta respuesta al tratamiento, aunque se acompa\u00f1a de altas tasas de comorbilidad psiqui\u00e1trica. Seg\u00fan el Manual diagn\u00f3stico y estad\u00edstico de los trastornos mentales (DSM-IV): \u00abHabitualmente, los s\u00edntomas empeoran en las situaciones que exigen una atenci\u00f3n o un esfuerzo mental sostenidos o que carecen de atractivo o novedad intr\u00ednsecos (p. ej., escuchar al maestro en clase, hacer los deberes, escuchar o leer textos largos, o trabajar en tareas mon\u00f3tonas o repetitivas)\u00bb.<\/p>\r\n\r\n\r\n\r\n<p>Esta disfunci\u00f3n neurobiol\u00f3gica fue reconocida primero en la edad infantil. Sin embargo, en la medida en que fue mejor comprendida, se reconoci\u00f3 su car\u00e1cter cr\u00f3nico, ya que persiste y se manifiesta m\u00e1s all\u00e1 de la adolescencia. Los estudios de seguimiento a largo plazo han demostrado que entre el 60 y el 75% de los ni\u00f1os con TDAH contin\u00faa presentando los s\u00edntomas hasta la vida adulta.<\/p>\r\n\r\n\r\n\r\n<p>Hist\u00f3ricamente este trastorno ha recibido distintas caracterizaciones e innumerables denominaciones, lo que dificulta las consultas de la literatura especializada. Cabe agregar que el acr\u00f3nimo ingl\u00e9s ADHD (Attention-Deficit Hyperactivity Disorder) es ampliamente utilizado para referirse a este s\u00edndrome.<\/p>\r\n\r\n\r\n\r\n<p>Una vez reconocida la existencia del TDA-H, a trav\u00e9s de un diagn\u00f3stico de un profesional m\u00e9dico como neuropediatr\u00eda, psiquiatra infantil, psiquiatra o neur\u00f3logo, formulado en base a la cl\u00ednica ya que en estos momentos no existe ning\u00fan tipo de prueba de laboratorio que pueda analizar si una persona tiene TDA-H, dicho profesional debe realizar un plan de tratamiento que debe adaptarse a las caracter\u00edsticas individuales del ni\u00f1o y a agentes externos, como la familia o el entorno social.<\/p>\r\n\r\n\r\n\r\n<p>Por ello, est\u00e1 comprobado que el tratamiento multidisciplinar es exitoso y permite una evoluci\u00f3n positiva del trastorno.<\/p>\r\n\r\n\r\n\r\n<p>Este trabajo conjunto de diversos profesionales supone coordinar simult\u00e1neamente tratamientos de tipo farmacol\u00f3gico, psicol\u00f3gico y psicopedag\u00f3gico.<\/p>\r\n\r\n\r\n\r\n<p>Ninguna de estas intervenciones es exclusiva, es decir, no puede ni debe, sustituir a las dem\u00e1s.<\/p>\r\n\r\n\r\n\r\n<p>La convivencia con un ni\u00f1o o adolescente con TDA-H no suele ser f\u00e1cil. Este trastorno, como hemos dicho, puede ocasionar serios problemas en el desarrollo de una persona, entre ellos, una disminuci\u00f3n del rendimiento acad\u00e9mico, dificultades en la adaptaci\u00f3n social y llegar a un futuro cargado de serios desajustes emocionales.<\/p>\r\n\r\n\r\n\r\n<p>Por esta raz\u00f3n, les aconsejamos que consulten a un especialista ante cualquier sospecha y que procuren que el tratamiento multimodal conviva con el Trastorno desde el primer momento.<\/p>\r\n\r\n\r\n\r\n<p>Con la detecci\u00f3n precoz y las medidas m\u00e9dicas, sociales y familiares adecuadas evitaremos percances a lo largo de la vida, consiguiendo que el TDA-H forme parte de la vida de la persona sin ser un enemigo, ni un problema , con el que combatir.<\/p>\r\n<p>&nbsp;<\/p>\r\n\r\n\r\n\r\n\r\n\r\n<p><strong>S\u00edntomas de hiperactividad:<\/strong><\/p>\r\n\r\n\r\n\r\n<ul class=\"wp-block-list\">\r\n<li>El ni\u00f1o no para quieto ni un minuto. Suele moverse en exceso, incluso sentado.\u00a0<\/li>\r\n<li>Es incapaz de permanecer sentado durante mucho tiempo y a menudo abandona su asiento en clase.\u00a0<\/li>\r\n<li>Corre o salta en momentos inapropiados.\u00a0<\/li>\r\n<li>Tiene dificultades para jugar tranquilamente; le gustan los juegos movidos y ruidosos.\u00a0<\/li>\r\n<li>Esta siempre muy activo, como si tuviera un \u00abmotor\u00bb.\u00a0<\/li>\r\n<li>Suele hablar excesivamente.\u00a0<\/li>\r\n<li>Da respuestas precipitadas, incluso antes de que acaben de formular la pregunta.\u00a0<\/li>\r\n<li>Es incapaz de guardar turno en las colas o en actividades.\u00a0<\/li>\r\n<li>Interrumpe a los dem\u00e1s; toca cosas que no debe o hace tonter\u00edas.\u00a0<\/li>\r\n<\/ul>\r\n\r\n\r\n\r\n<p><strong>S\u00edntomas de desatenci\u00f3n:<\/strong><\/p>\r\n\r\n\r\n\r\n<ul class=\"wp-block-list\">\r\n<li>No presta atenci\u00f3n a los detalles; es descuidado y el trabajo escolar suele ser sucio y desordenado.\u00a0<\/li>\r\n<li>Tiene dificultades para estar atento incluso en los juegos.\u00a0<\/li>\r\n<li>Parece no escuchar cuando se le habla, como si no oyera o como si tuviera la mente en otro lugar.\u00a0<\/li>\r\n<li>Le cuesta seguir instrucciones y \u00f3rdenes.\u00a0<\/li>\r\n<li>Le resulta dif\u00edcil organizar sus actividades y a menudo pasa de una a otra.\u00a0<\/li>\r\n<li>Evita situaciones que necesitan concentraci\u00f3n, como dibujar.\u00a0<\/li>\r\n<li>Acostumbra a perder cosas importantes para casa o el colegio (ejercicios escolares, juguetes, libros&#8230;), que trata sin cuidado.\u00a0<\/li>\r\n<li>Se distrae f\u00e1cilmente con cosas triviales que pasan desapercibidas para los dem\u00e1s\u00a0<\/li>\r\n<li>Es muy despistado: olvida los deberes, el bocadillo&#8230;\u00a0<\/li>\r\n<\/ul>\r\n\r\n\r\n\r\n<p>Estos s\u00edntomas tienen que estar presentes, al menos, un tiempo m\u00ednimo de seis meses en la vida del ni\u00f1o, y de una manera constante, para que se pueda llegar a sospechar que el ni\u00f1o tiene TDA-H.<\/p>\r\n","protected":false},"excerpt":{"rendered":"<p>El trastorno por d\u00e9ficit de atenci\u00f3n con hiperactividad (TDAH) es un s\u00edndrome conductual con bases neurobiol\u00f3gicas y un fuerte componente gen\u00e9tico.\u00a0 Es un transtorno muy prevalente que, seg\u00fan estimaciones, afecta entre un 5 y un 10% de la poblaci\u00f3n infanto-juvenil, &hellip; <a href=\"https:\/\/www.apadahcas.org\/index.php\/que-es-el-tda-h\/\">Sigue leyendo <span class=\"meta-nav\">&rarr;<\/span><\/a><\/p>\n","protected":false},"author":2,"featured_media":0,"parent":0,"menu_order":3,"comment_status":"closed","ping_status":"closed","template":"sidebar-page.php","meta":{"footnotes":""},"class_list":["post-29","page","type-page","status-publish","hentry"],"jetpack_sharing_enabled":true,"_links":{"self":[{"href":"https:\/\/www.apadahcas.org\/index.php\/wp-json\/wp\/v2\/pages\/29","targetHints":{"allow":["GET"]}}],"collection":[{"href":"https:\/\/www.apadahcas.org\/index.php\/wp-json\/wp\/v2\/pages"}],"about":[{"href":"https:\/\/www.apadahcas.org\/index.php\/wp-json\/wp\/v2\/types\/page"}],"author":[{"embeddable":true,"href":"https:\/\/www.apadahcas.org\/index.php\/wp-json\/wp\/v2\/users\/2"}],"replies":[{"embeddable":true,"href":"https:\/\/www.apadahcas.org\/index.php\/wp-json\/wp\/v2\/comments?post=29"}],"version-history":[{"count":4,"href":"https:\/\/www.apadahcas.org\/index.php\/wp-json\/wp\/v2\/pages\/29\/revisions"}],"predecessor-version":[{"id":747,"href":"https:\/\/www.apadahcas.org\/index.php\/wp-json\/wp\/v2\/pages\/29\/revisions\/747"}],"wp:attachment":[{"href":"https:\/\/www.apadahcas.org\/index.php\/wp-json\/wp\/v2\/media?parent=29"}],"curies":[{"name":"wp","href":"https:\/\/api.w.org\/{rel}","templated":true}]}}