{"id":27,"date":"2022-02-03T12:41:21","date_gmt":"2022-02-03T11:41:21","guid":{"rendered":"https:\/\/new.apadahcas.org\/?page_id=27"},"modified":"2025-10-31T11:32:00","modified_gmt":"2025-10-31T10:32:00","slug":"asociate","status":"publish","type":"page","link":"https:\/\/www.apadahcas.org\/index.php\/asociate\/","title":{"rendered":"\u00a1As\u00f3ciate!"},"content":{"rendered":"\r\n<p>Ventajas de hacerte socio:<\/p>\r\n\r\n\r\n\r\n<ol class=\"wp-block-list\">\r\n<li>Poder acceder a las terapias grupales (talleres) e individuales, escuelas de padres, acompa\u00f1amiento a tutor\u00edas y evaluaciones para diagn\u00f3stico a precios inferiores a los que se tendr\u00edan que abonar en el caso de no ser socio (se adjunta tabla de precios)<\/li>\r\n\r\n\r\n\r\n<li>Estar informados sobre los resultados de las investigaciones sobre el TDA-H<\/li>\r\n\r\n\r\n\r\n<li>Estar informados y asesorados sobre los temas de discapacidad, teniendo en cuenta que hay ni\u00f1os, adolescentes y adultos que se les concede la discapacidad ps\u00edquica del 33%, lo que conlleva beneficios para el afectado (en los estudios) y beneficios econ\u00f3micos para la familia (gastos de medicaci\u00f3n, descuentos en impuestos, etc.)<\/li>\r\n\r\n\r\n\r\n<li>Poder asistir a los congresos organizados por la Federaci\u00f3n Espa\u00f1ola de Ayuda al D\u00e9ficit de Atenci\u00f3n e Hiperactividad, con descuentos en el precio fijado por pertenecer a una asociaci\u00f3n adherida a la misma.<\/li>\r\n\r\n\r\n\r\n<li>Pertenecer a una organizaci\u00f3n sin \u00e1nimo de lucro que necesita la uni\u00f3n de voces para conseguir ante los Organismos, e Instituciones Gubernamentales, toda la fuerza posible para la obtenci\u00f3n de un objetivo com\u00fan: que el TDA-H deje de ser invisible ante nuestra sociedad. El n\u00famero de socios<strong>\u00a0S\u00cd<\/strong>\u00a0importa, para que nos abran las puertas, para que nos escuchen, para conseguir todo aquello que nos merecemos, que se merecen vuestr@s, nuestr@s, hij@s. El beneficio por ser socio es formar parte de este grupo de fuerza social.<\/li>\r\n<\/ol>\r\n\r\n\r\n\r\n<p>Para hacerte socio de APADAHCAS, descarga la ficha adjunta y una vez rellenada env\u00edanosla a: <a href=\"https:\/\/www.apadahcas.org\/index.php\/contacto\/\">asociacion@apadahcas.org<\/a><\/p>\r\n<p>Adem\u00e1s de rellenar la ficha. habr\u00e1 que hacer un ingreso de 50\u20ac, correspondiente a la primera cuota.<\/p>\r\n\r\n\r\n\r\n<p><a href=\"https:\/\/www.apadahcas.org\/wp-content\/uploads\/2025\/10\/FICHA-DE-SOCIO-APADAHCAS.pdf\">Ficha socio Rellenable<\/a><\/p>\r\n<p>&nbsp;<\/p>\r\n\r\n\r\n\r\n<p>Si necesitas m\u00e1s informaci\u00f3n, aqu\u00ed tienes el tr\u00edptico de la asociaci\u00f3n y los descuentos que tenemos:<\/p>\r\n\r\n\r\n\r\n<div class=\"wp-block-file\"><a href=\"https:\/\/www.apadahcas.org\/wp-content\/uploads\/2022\/03\/triptico-apadahcas-ok-2020.pdf\">triptico-apadahcas-ok-2020.pdf<\/a><\/div>\r\n\r\n\r\n\r\n<div class=\"wp-block-file\"><a href=\"https:\/\/www.apadahcas.org\/wp-content\/uploads\/2022\/10\/descuentos-de-los-colaboradores.pdf\">DESCUENTOS DE LOS COLABORADORES.pdf<\/a><\/div>\r\n\r\n<p>&nbsp;<\/p>","protected":false},"excerpt":{"rendered":"<p>Ventajas de hacerte socio: Para hacerte socio de APADAHCAS, descarga la ficha adjunta y una vez rellenada env\u00edanosla a: asociacion@apadahcas.org Adem\u00e1s de rellenar la ficha. habr\u00e1 que hacer un ingreso de 50\u20ac, correspondiente a la primera cuota. Ficha socio Rellenable &hellip; <a href=\"https:\/\/www.apadahcas.org\/index.php\/asociate\/\">Sigue leyendo <span class=\"meta-nav\">&rarr;<\/span><\/a><\/p>\n","protected":false},"author":2,"featured_media":625,"parent":0,"menu_order":2,"comment_status":"closed","ping_status":"closed","template":"sidebar-page.php","meta":{"footnotes":""},"class_list":["post-27","page","type-page","status-publish","has-post-thumbnail","hentry"],"jetpack_sharing_enabled":true,"_links":{"self":[{"href":"https:\/\/www.apadahcas.org\/index.php\/wp-json\/wp\/v2\/pages\/27","targetHints":{"allow":["GET"]}}],"collection":[{"href":"https:\/\/www.apadahcas.org\/index.php\/wp-json\/wp\/v2\/pages"}],"about":[{"href":"https:\/\/www.apadahcas.org\/index.php\/wp-json\/wp\/v2\/types\/page"}],"author":[{"embeddable":true,"href":"https:\/\/www.apadahcas.org\/index.php\/wp-json\/wp\/v2\/users\/2"}],"replies":[{"embeddable":true,"href":"https:\/\/www.apadahcas.org\/index.php\/wp-json\/wp\/v2\/comments?post=27"}],"version-history":[{"count":16,"href":"https:\/\/www.apadahcas.org\/index.php\/wp-json\/wp\/v2\/pages\/27\/revisions"}],"predecessor-version":[{"id":1713,"href":"https:\/\/www.apadahcas.org\/index.php\/wp-json\/wp\/v2\/pages\/27\/revisions\/1713"}],"wp:featuredmedia":[{"embeddable":true,"href":"https:\/\/www.apadahcas.org\/index.php\/wp-json\/wp\/v2\/media\/625"}],"wp:attachment":[{"href":"https:\/\/www.apadahcas.org\/index.php\/wp-json\/wp\/v2\/media?parent=27"}],"curies":[{"name":"wp","href":"https:\/\/api.w.org\/{rel}","templated":true}]}}