{"id":269,"date":"2022-02-11T14:37:48","date_gmt":"2022-02-11T14:37:48","guid":{"rendered":"https:\/\/new.apadahcas.org\/?page_id=269"},"modified":"2024-04-03T01:39:18","modified_gmt":"2024-04-02T23:39:18","slug":"no-te-quedes-quieto","status":"publish","type":"page","link":"https:\/\/www.apadahcas.org\/","title":{"rendered":"No te quedes quieto"},"content":{"rendered":"<p>Bienvenida o bienvenido a la p\u00e1gina de la <strong>Asociaci\u00f3n de Padres y Madres de Afectados por D\u00e9ficit de Atenci\u00f3n e Hiperactividad<\/strong>.<\/p>\n<p>Tanto si eres padre, madre o profesional\u00a0 y quieres compartir inquietudes sobre el d\u00e9ficit de atenci\u00f3n e hiperactividad, o simplemente buscas informarte sobre el tema has llegado al lugar indicado.<\/p>\n<p>Te invitamos a bucear entre nuestras p\u00e1ginas, y si a\u00fan te quedan dudas o inquietudes, ya sabes: <a href=\"https:\/\/www.apadahcas.org\/index.php\/contacto\/\">Contacta con nosotros<\/a><\/p>\n","protected":false},"excerpt":{"rendered":"<p>Bienvenida o bienvenido a la p\u00e1gina de la Asociaci\u00f3n de Padres y Madres de Afectados por D\u00e9ficit de Atenci\u00f3n e Hiperactividad. Tanto si eres padre, madre o profesional\u00a0 y quieres compartir inquietudes sobre el d\u00e9ficit de atenci\u00f3n e hiperactividad, o &hellip; <a href=\"https:\/\/www.apadahcas.org\/\">Sigue leyendo <span class=\"meta-nav\">&rarr;<\/span><\/a><\/p>\n","protected":false},"author":2,"featured_media":36,"parent":0,"menu_order":0,"comment_status":"closed","ping_status":"closed","template":"sidebar-page.php","meta":{"footnotes":""},"class_list":["post-269","page","type-page","status-publish","has-post-thumbnail","hentry"],"jetpack_sharing_enabled":true,"_links":{"self":[{"href":"https:\/\/www.apadahcas.org\/index.php\/wp-json\/wp\/v2\/pages\/269","targetHints":{"allow":["GET"]}}],"collection":[{"href":"https:\/\/www.apadahcas.org\/index.php\/wp-json\/wp\/v2\/pages"}],"about":[{"href":"https:\/\/www.apadahcas.org\/index.php\/wp-json\/wp\/v2\/types\/page"}],"author":[{"embeddable":true,"href":"https:\/\/www.apadahcas.org\/index.php\/wp-json\/wp\/v2\/users\/2"}],"replies":[{"embeddable":true,"href":"https:\/\/www.apadahcas.org\/index.php\/wp-json\/wp\/v2\/comments?post=269"}],"version-history":[{"count":6,"href":"https:\/\/www.apadahcas.org\/index.php\/wp-json\/wp\/v2\/pages\/269\/revisions"}],"predecessor-version":[{"id":1369,"href":"https:\/\/www.apadahcas.org\/index.php\/wp-json\/wp\/v2\/pages\/269\/revisions\/1369"}],"wp:featuredmedia":[{"embeddable":true,"href":"https:\/\/www.apadahcas.org\/index.php\/wp-json\/wp\/v2\/media\/36"}],"wp:attachment":[{"href":"https:\/\/www.apadahcas.org\/index.php\/wp-json\/wp\/v2\/media?parent=269"}],"curies":[{"name":"wp","href":"https:\/\/api.w.org\/{rel}","templated":true}]}}