{"id":24,"date":"2022-02-03T11:36:41","date_gmt":"2022-02-03T11:36:41","guid":{"rendered":"https:\/\/new.apadahcas.org\/?page_id=24"},"modified":"2025-06-24T09:46:31","modified_gmt":"2025-06-24T07:46:31","slug":"guias-y-materiales","status":"publish","type":"page","link":"https:\/\/www.apadahcas.org\/index.php\/guias-y-materiales\/","title":{"rendered":"Gu\u00edas y materiales"},"content":{"rendered":"\r\n<p><strong>Gu\u00edas<\/strong><\/p>\r\n<p><strong><a href=\"https:\/\/apadahcas.org\/wp-content\/uploads\/2022\/02\/TDAH_Profesores_apadahcas.pdf\" target=\"_blank\" rel=\"noopener\"><img loading=\"lazy\" decoding=\"async\" class=\"alignnone wp-image-362 size-medium\" src=\"https:\/\/www.apadahcas.org\/wp-content\/uploads\/2022\/02\/guia_alumno-300x300.png\" alt=\"Gu\u00eda de actuaci\u00f3n en la escuela ante un alumno con TDAH\" width=\"300\" height=\"300\" srcset=\"https:\/\/www.apadahcas.org\/wp-content\/uploads\/2022\/02\/guia_alumno-300x300.png 300w, https:\/\/www.apadahcas.org\/wp-content\/uploads\/2022\/02\/guia_alumno-1024x1024.png 1024w, https:\/\/www.apadahcas.org\/wp-content\/uploads\/2022\/02\/guia_alumno-150x150.png 150w, https:\/\/www.apadahcas.org\/wp-content\/uploads\/2022\/02\/guia_alumno-768x768.png 768w, https:\/\/www.apadahcas.org\/wp-content\/uploads\/2022\/02\/guia_alumno.png 1326w\" sizes=\"auto, (max-width: 300px) 100vw, 300px\" \/><\/a>\u00a0<\/strong><\/p>\r\n\r\n\r\n\r\n<p><a href=\"https:\/\/apadahcas.org\/wp-content\/uploads\/2022\/02\/TDAH_Profesores_apadahcas.pdf\">Gu\u00eda de actuaci\u00f3n en la escuela ante un alumno con TDAH .pdf<\/a><\/p>\r\n\r\n\r\n\r\n<p><a href=\"https:\/\/apadahcas.org\/wp-content\/uploads\/2022\/02\/guia_para_padres_de_feaadah_apadahcas.pdf\" target=\"_blank\" rel=\"noopener\"><img loading=\"lazy\" decoding=\"async\" class=\"alignnone wp-image-364 size-medium\" src=\"https:\/\/www.apadahcas.org\/wp-content\/uploads\/2022\/02\/guia-padres-288x300.png\" alt=\"Gu\u00eda pr\u00e1ctica para padres\" width=\"288\" height=\"300\" srcset=\"https:\/\/www.apadahcas.org\/wp-content\/uploads\/2022\/02\/guia-padres-288x300.png 288w, https:\/\/www.apadahcas.org\/wp-content\/uploads\/2022\/02\/guia-padres-982x1024.png 982w, https:\/\/www.apadahcas.org\/wp-content\/uploads\/2022\/02\/guia-padres-768x801.png 768w, https:\/\/www.apadahcas.org\/wp-content\/uploads\/2022\/02\/guia-padres-1473x1536.png 1473w, https:\/\/www.apadahcas.org\/wp-content\/uploads\/2022\/02\/guia-padres.png 1492w\" sizes=\"auto, (max-width: 288px) 100vw, 288px\" \/><\/a><\/p>\r\n<p><a href=\"https:\/\/apadahcas.org\/wp-content\/uploads\/2022\/02\/guia_para_padres_de_feaadah_apadahcas.pdf\">Gu\u00eda pr\u00e1ctica para padres .pdf<\/a><\/p>\r\n\r\n\r\n\r\n<p><a href=\"https:\/\/apadahcas.org\/wp-content\/uploads\/2022\/02\/Guia-TDAH-Ministerio-Edicion-2017.pdf\" target=\"_blank\" rel=\"noopener\"><img loading=\"lazy\" decoding=\"async\" class=\"alignnone wp-image-363 size-medium\" src=\"https:\/\/www.apadahcas.org\/wp-content\/uploads\/2022\/02\/guia-p-clinica-300x266.png\" alt=\"Gu\u00eda de Pr\u00e1ctica Cl\u00ednica sobre las Intervenciones Terap\u00e9uticas en el Trastorno por D\u00e9ficit de Atenci\u00f3n con Hiperactividad (TDAH) Edicion 2017\" width=\"300\" height=\"266\" srcset=\"https:\/\/www.apadahcas.org\/wp-content\/uploads\/2022\/02\/guia-p-clinica-300x266.png 300w, https:\/\/www.apadahcas.org\/wp-content\/uploads\/2022\/02\/guia-p-clinica-1024x908.png 1024w, https:\/\/www.apadahcas.org\/wp-content\/uploads\/2022\/02\/guia-p-clinica-768x681.png 768w, https:\/\/www.apadahcas.org\/wp-content\/uploads\/2022\/02\/guia-p-clinica-1536x1361.png 1536w, https:\/\/www.apadahcas.org\/wp-content\/uploads\/2022\/02\/guia-p-clinica-338x300.png 338w, https:\/\/www.apadahcas.org\/wp-content\/uploads\/2022\/02\/guia-p-clinica.png 1584w\" sizes=\"auto, (max-width: 300px) 100vw, 300px\" \/><\/a><\/p>\r\n<p><a href=\"https:\/\/apadahcas.org\/wp-content\/uploads\/2022\/02\/Guia-TDAH-Ministerio-Edicion-2017.pdf\">Gu\u00eda de Pr\u00e1ctica Cl\u00ednica sobre las Intervenciones Terap\u00e9uticas en el Trastorno por D\u00e9ficit de Atenci\u00f3n con Hiperactividad (TDAH) Edicion 2017 .pdf<\/a><\/p>\r\n<p><img loading=\"lazy\" decoding=\"async\" class=\"alignnone  wp-image-1631\" src=\"https:\/\/www.apadahcas.org\/wp-content\/uploads\/2025\/06\/Guia-adaptaciones-universidad-193x300.jpg\" alt=\"\" width=\"249\" height=\"379\" \/>\u00a0 \u00a0 \u00a0 \u00a0 \u00a0 \u00a0 \u00a0<\/p>\r\n<p><a href=\"https:\/\/www.apadahcas.org\/wp-content\/uploads\/2025\/06\/Guia_de_adaptaciones_DIGITAL.pdf\">Gu\u00eda de adaptaciones Universidad<\/a><\/p>\r\n<p>&nbsp;<\/p>\r\n<p><img loading=\"lazy\" decoding=\"async\" class=\"alignnone  wp-image-1635\" src=\"https:\/\/www.apadahcas.org\/wp-content\/uploads\/2025\/06\/Decreto-de-inclusion-195x300.jpg\" alt=\"\" width=\"228\" height=\"344\" \/><\/p>\r\n<p><a href=\"https:\/\/www.apadahcas.org\/wp-content\/uploads\/2025\/06\/DOC-decreto-valenciano-de-Equidad-y-de-inclusion-educativa.pdf\">2025\/06\/DOC-decreto-valenciano-de-Equidad-y-de-inclusion-educativa.pdf<\/a>\u00a0 \u00a0 \u00a0 \u00a0 \u00a0 \u00a0 \u00a0 \u00a0 \u00a0 \u00a0 \u00a0 \u00a0 \u00a0 \u00a0 \u00a0 \u00a0 \u00a0 \u00a0 \u00a0 \u00a0 \u00a0 \u00a0 \u00a0 \u00a0 \u00a0 \u00a0 \u00a0 \u00a0\u00a0<\/p>\r\n","protected":false},"excerpt":{"rendered":"<p>Gu\u00edas \u00a0 Gu\u00eda de actuaci\u00f3n en la escuela ante un alumno con TDAH .pdf Gu\u00eda pr\u00e1ctica para padres .pdf Gu\u00eda de Pr\u00e1ctica Cl\u00ednica sobre las Intervenciones Terap\u00e9uticas en el Trastorno por D\u00e9ficit de Atenci\u00f3n con Hiperactividad (TDAH) Edicion 2017 .pdf &hellip; <a href=\"https:\/\/www.apadahcas.org\/index.php\/guias-y-materiales\/\">Sigue leyendo <span class=\"meta-nav\">&rarr;<\/span><\/a><\/p>\n","protected":false},"author":2,"featured_media":0,"parent":0,"menu_order":4,"comment_status":"closed","ping_status":"closed","template":"sidebar-page.php","meta":{"footnotes":""},"class_list":["post-24","page","type-page","status-publish","hentry"],"jetpack_sharing_enabled":true,"_links":{"self":[{"href":"https:\/\/www.apadahcas.org\/index.php\/wp-json\/wp\/v2\/pages\/24","targetHints":{"allow":["GET"]}}],"collection":[{"href":"https:\/\/www.apadahcas.org\/index.php\/wp-json\/wp\/v2\/pages"}],"about":[{"href":"https:\/\/www.apadahcas.org\/index.php\/wp-json\/wp\/v2\/types\/page"}],"author":[{"embeddable":true,"href":"https:\/\/www.apadahcas.org\/index.php\/wp-json\/wp\/v2\/users\/2"}],"replies":[{"embeddable":true,"href":"https:\/\/www.apadahcas.org\/index.php\/wp-json\/wp\/v2\/comments?post=24"}],"version-history":[{"count":8,"href":"https:\/\/www.apadahcas.org\/index.php\/wp-json\/wp\/v2\/pages\/24\/revisions"}],"predecessor-version":[{"id":1637,"href":"https:\/\/www.apadahcas.org\/index.php\/wp-json\/wp\/v2\/pages\/24\/revisions\/1637"}],"wp:attachment":[{"href":"https:\/\/www.apadahcas.org\/index.php\/wp-json\/wp\/v2\/media?parent=24"}],"curies":[{"name":"wp","href":"https:\/\/api.w.org\/{rel}","templated":true}]}}