{"id":22,"date":"2022-02-03T12:35:41","date_gmt":"2022-02-03T11:35:41","guid":{"rendered":"https:\/\/new.apadahcas.org\/?page_id=22"},"modified":"2024-04-15T18:10:23","modified_gmt":"2024-04-15T16:10:23","slug":"contacto","status":"publish","type":"page","link":"https:\/\/www.apadahcas.org\/index.php\/contacto\/","title":{"rendered":"Contacto"},"content":{"rendered":"\r\n<p>Si necesitas contactar con nosotros, aqu\u00ed tienes las diferentes v\u00edas<\/p>\r\n\r\n\r\n\r\n<p><strong>APADAHCAS<\/strong><\/p>\r\n\r\n\r\n\r\n<p><strong>C\/ Dean Mart\u00ed n\u00ba46- entresuelo<br \/>12004 CASTELL\u00d3N<\/strong><\/p>\r\n<pre class=\"wp-block-code\"><code>\r\n<iframe loading=\"lazy\" src=\"https:\/\/www.google.com\/maps\/embed?pb=!1m14!1m8!1m3!1d806.9873649694878!2d-0.044263!3d39.990564!3m2!1i1024!2i768!4f13.1!3m3!1m2!1s0x0%3A0x2a8245ee98f397e7!2sVN%20Castell%C3%B3n%20Trade%20Center%20%26%20Coworking!5e1!3m2!1ses!2ses!4v1643807754139!5m2!1ses!2ses\" width=\"600\" height=\"450\" allowfullscreen=\"allowfullscreen\" data-mce-fragment=\"1\"><\/iframe> <\/code><\/pre>\r\n\r\n\r\n\r\n<p><strong>Tel\u00e9fonos: 634504644 y 964 09 01 19<br \/><a href=\"https:\/\/api.whatsapp.com\/send?phone=34634504644\" target=\"_blank\" rel=\"noopener\">Puedes contactar con nosotros a trav\u00e9s de WhatsApp<\/a>.<\/strong><\/p>\r\n<p><strong><a href=\"mailto:asociacion@apadahcas.org\">asociacion@apadahcas.org<\/a><\/strong><\/p>\r\n<p>\r\n\r\n<\/p>\r\n<p><strong><em>Horario de atenci\u00f3n en la sede previa cita:<br \/>Jueves de 18:00 a 20:00<\/em><\/strong><\/p>\r\n<p><\/p>","protected":false},"excerpt":{"rendered":"<p>Si necesitas contactar con nosotros, aqu\u00ed tienes las diferentes v\u00edas APADAHCAS C\/ Dean Mart\u00ed n\u00ba46- entresuelo12004 CASTELL\u00d3N Tel\u00e9fonos: 634504644 y 964 09 01 19Puedes contactar con nosotros a trav\u00e9s de WhatsApp. asociacion@apadahcas.org Horario de atenci\u00f3n en la sede previa cita:Jueves &hellip; <a href=\"https:\/\/www.apadahcas.org\/index.php\/contacto\/\">Sigue leyendo <span class=\"meta-nav\">&rarr;<\/span><\/a><\/p>\n","protected":false},"author":2,"featured_media":0,"parent":0,"menu_order":6,"comment_status":"closed","ping_status":"closed","template":"sidebar-page.php","meta":{"footnotes":""},"class_list":["post-22","page","type-page","status-publish","hentry"],"jetpack_sharing_enabled":true,"_links":{"self":[{"href":"https:\/\/www.apadahcas.org\/index.php\/wp-json\/wp\/v2\/pages\/22","targetHints":{"allow":["GET"]}}],"collection":[{"href":"https:\/\/www.apadahcas.org\/index.php\/wp-json\/wp\/v2\/pages"}],"about":[{"href":"https:\/\/www.apadahcas.org\/index.php\/wp-json\/wp\/v2\/types\/page"}],"author":[{"embeddable":true,"href":"https:\/\/www.apadahcas.org\/index.php\/wp-json\/wp\/v2\/users\/2"}],"replies":[{"embeddable":true,"href":"https:\/\/www.apadahcas.org\/index.php\/wp-json\/wp\/v2\/comments?post=22"}],"version-history":[{"count":11,"href":"https:\/\/www.apadahcas.org\/index.php\/wp-json\/wp\/v2\/pages\/22\/revisions"}],"predecessor-version":[{"id":1382,"href":"https:\/\/www.apadahcas.org\/index.php\/wp-json\/wp\/v2\/pages\/22\/revisions\/1382"}],"wp:attachment":[{"href":"https:\/\/www.apadahcas.org\/index.php\/wp-json\/wp\/v2\/media?parent=22"}],"curies":[{"name":"wp","href":"https:\/\/api.w.org\/{rel}","templated":true}]}}